{"id":61289,"date":"2026-01-22T10:05:10","date_gmt":"2026-01-22T09:05:10","guid":{"rendered":"https:\/\/oberschuletwist.de\/?page_id=61289"},"modified":"2026-01-22T10:05:10","modified_gmt":"2026-01-22T09:05:10","slug":"thema-sicherer-umgang-im-internet","status":"publish","type":"page","link":"https:\/\/oberschuletwist.de\/?page_id=61289","title":{"rendered":"Thema: &#8222;Sicherer Umgang im Internet&#8220;"},"content":{"rendered":"\n<p>Am 13.01.2026 bekamen unsere Jahrg\u00e4nge 7 &amp; 8 eine intensive Schulung zum Thema \u201eSicherer Umgang im Internet\u201c. Tobias Oortmann vom Unternehmen venta IT informierte unsere Sch\u00fcler zu Gefahren und Risiken des Internets. Aufgrund der vielen R\u00fcckfragen seitens der Sch\u00fcler wurde deutlich, dass diese Informationen wichtig sind und deren Lebenswelt betreffen.<br>Wir bedanken uns bei Tobias Oortmann und bei Sven Tappel, dem Gesch\u00e4ftsf\u00fchrer von venta IT.<\/p>\n\n\n\n<figure class=\"wp-block-image\"><img loading=\"lazy\" decoding=\"async\" width=\"768\" height=\"1024\" src=\"https:\/\/oberschuletwist.de\/wp-content\/uploads\/2026\/01\/ve1-1-768x1024.jpg\" alt=\"\" class=\"wp-image-61287\" srcset=\"https:\/\/oberschuletwist.de\/wp-content\/uploads\/2026\/01\/ve1-1-768x1024.jpg 768w, https:\/\/oberschuletwist.de\/wp-content\/uploads\/2026\/01\/ve1-1-225x300.jpg 225w, https:\/\/oberschuletwist.de\/wp-content\/uploads\/2026\/01\/ve1-1-1152x1536.jpg 1152w, https:\/\/oberschuletwist.de\/wp-content\/uploads\/2026\/01\/ve1-1-1536x2048.jpg 1536w, https:\/\/oberschuletwist.de\/wp-content\/uploads\/2026\/01\/ve1-1-scaled.jpg 1920w\" sizes=\"auto, (max-width: 768px) 100vw, 768px\" \/><\/figure>\n","protected":false},"excerpt":{"rendered":"<p>Am 13.01.2026 bekamen unsere Jahrg\u00e4nge 7 &amp; 8 eine intensive Schulung zum Thema \u201eSicherer Umgang im Internet\u201c. Tobias Oortmann vom Unternehmen venta IT informierte unsere Sch\u00fcler zu Gefahren und Risiken des Internets. Aufgrund der vielen R\u00fcckfragen seitens der Sch\u00fcler wurde &hellip; <a href=\"https:\/\/oberschuletwist.de\/?page_id=61289\">Weiterlesen <span class=\"meta-nav\">&rarr;<\/span><\/a><\/p>\n","protected":false},"author":2,"featured_media":0,"parent":0,"menu_order":0,"comment_status":"closed","ping_status":"closed","template":"","meta":{"footnotes":""},"class_list":["post-61289","page","type-page","status-publish","hentry"],"_links":{"self":[{"href":"https:\/\/oberschuletwist.de\/index.php?rest_route=\/wp\/v2\/pages\/61289","targetHints":{"allow":["GET"]}}],"collection":[{"href":"https:\/\/oberschuletwist.de\/index.php?rest_route=\/wp\/v2\/pages"}],"about":[{"href":"https:\/\/oberschuletwist.de\/index.php?rest_route=\/wp\/v2\/types\/page"}],"author":[{"embeddable":true,"href":"https:\/\/oberschuletwist.de\/index.php?rest_route=\/wp\/v2\/users\/2"}],"replies":[{"embeddable":true,"href":"https:\/\/oberschuletwist.de\/index.php?rest_route=%2Fwp%2Fv2%2Fcomments&post=61289"}],"version-history":[{"count":1,"href":"https:\/\/oberschuletwist.de\/index.php?rest_route=\/wp\/v2\/pages\/61289\/revisions"}],"predecessor-version":[{"id":61290,"href":"https:\/\/oberschuletwist.de\/index.php?rest_route=\/wp\/v2\/pages\/61289\/revisions\/61290"}],"wp:attachment":[{"href":"https:\/\/oberschuletwist.de\/index.php?rest_route=%2Fwp%2Fv2%2Fmedia&parent=61289"}],"curies":[{"name":"wp","href":"https:\/\/api.w.org\/{rel}","templated":true}]}}