{"id":60631,"date":"2025-05-02T15:01:13","date_gmt":"2025-05-02T13:01:13","guid":{"rendered":"https:\/\/oberschuletwist.de\/?page_id=60631"},"modified":"2025-05-02T15:01:13","modified_gmt":"2025-05-02T13:01:13","slug":"die-ersten-25-jahre-ein-ueberblick","status":"publish","type":"page","link":"https:\/\/oberschuletwist.de\/?page_id=60631","title":{"rendered":"Die ersten 25 Jahre.  Ein \u00dcberblick"},"content":{"rendered":"\n<figure class=\"wp-block-table\"><table class=\"has-fixed-layout\"><tbody><tr><td><strong>Schuljahr<\/strong><\/td><td><strong>Besondere Ereignisse<\/strong><\/td><\/tr><tr><td>1975\/76<\/td><td>&#8211; Bezug des neuen Geb\u00e4udes &#8211; Aufbau der Orientierungsstufe Planungsgruppen u. Fachkonferenzen arbeiten an den Nachmittagen &#8211; Wahlpflichtunterricht in den Naturwissenschaften &#8211; Arbeitsgemeinschaften f\u00fcr die Klassen <em>5 <\/em>&#8211; 7 &#8211; Rektor Mijalski begeht sein 40-j\u00e4hriges Dienstjubil\u00e4um<\/td><\/tr><tr><td>1976\/77<\/td><td>&#8211; OS: Alle Sch\u00fcler der Klassen 5 u. 6 &#8211; Erweiterung des WPf- u. AG-Angebots &#8211; Informationsabende f\u00fcr Eltern der <em>5. &#8211; <\/em>7. Jahrg\u00e4nge<\/td><\/tr><tr><td>1977\/78<\/td><td>&#8211; Auslagerung von 5 Klassen zum B\u00fclt &#8211; Fertigstellung der Turnhalle<\/td><\/tr><tr><td>1978\/79<\/td><td>&#8211; 2. Bauabschnitt: 4 neue Klassenr\u00e4ume &#8211; Klassenfahrten nach Juist, Worms bzw. Manderscheid &#8211; FeierlicheVerabschiedung von Rektor Hubert Mijalski<\/td><\/tr><tr><td>1979\/80<\/td><td>&#8211; Schulinterne Lehrerfortbildung in Holthausen: Lehrer und Eltern diskutieren gemeinsam \u00fcber das Thema \u201eSuchtgefahren&#8220; &#8211; Einrichtung eines Schulgartens (Th. Pr\u00fctz) &#8211; Sommerfest (5000 DM f\u00fcr SOS-Kinderdorf) &#8211; Tag der \u201eSauberen Umwelt\u201c<br>&#8211; Jugend trainiert f\u00fcr Olympia: (Schulfu\u00dfball)<\/td><\/tr><tr><td>1980\/81<\/td><td>&#8211; H\u00f6chste Sch\u00fclerzahl in der Geschichte des Schulzentrums: 874 Sch\u00fcler &#8211; Raumnot trotz 7 ausgelagerter Klassen &#8211; Textilarbeit und Schreibmaschinen-Unterricht in Kellerr\u00e4umen &#8211; Studienfahrt von Realsch\u00fclern nach London (S. Plohmanri) &#8211; Lauf um den See &#8211; Eislaufparcours auf dem zugefrorenen Schulsee &#8211; Nachmittagsunterricht auf freiwilliger Basis &#8211; Einweihung der Schwimmhalle &#8211; Erster Entlassjahrgang der Realschule Twist verl\u00e4sst die Schule<\/td><\/tr><tr><td>1981\/82<\/td><td>&#8211; Unterrichtsausfall wegen eines Brands im Chemieraum &#8211; Projektunterricht (Kl. 9 der HS): \u201eMit dem Rollstuhl durch die Gemeinde&#8220; (G. Hiemann) \u201eTorf und Moor&#8220; Ausstellung in der Raiffeisenkasse (H. H. Bechtluft) &#8211; Einf\u00fchrung des 2. unterrichtsfreien Samstags &#8211; Einf\u00fchrung eines 2. (zus\u00e4tzlichen) Elternsprechtags &#8211; Gemeinde u. Schule beteiligen sich am Modellversuch \u201eSchule &#8211; Jugendarbeit&#8220; &#8211; Weihnachtsfeier erbrachte 1500 DM \u00dcberschuss &#8211; Projekttage von Sch\u00fclern und Lehrern gut angenommen<\/td><\/tr><tr><td>1982\/83<\/td><td>&#8211; Joachim Deeken: Hauptamtlicher Leiter des Modellversuchs \u201eSchule &#8211; Jugendarbeit&#8220; (Betreuung u. Freizeitgestaltung f\u00fcr Sch\u00fcler und arbeitslose Jugendliche) &#8211; Arbeitsgemeinschaften am Donnerstag-Nachmittag <sup>&#8211;<\/sup>\u201eAus der Geschichte lernen&#8220; (Geschichtspreis des Bundespr\u00e4sidenten; H. H. Bechtluft) &#8211; <em>5 <\/em>Twister Sch\u00fclerinnen u. Sch\u00fcler stellen ihre Werke im Kestner-Museum in Hannover aus (G. Moormann) &#8211; &#8211; Twister \u201eFreizeit-Kompass\u201c gibt Anregungen f\u00fcr sinnvolle Freizeitangebote<\/td><\/tr><tr><td>1983\/84<\/td><td>&#8211; Neuregelung der Sch\u00fclerbef\u00f6rderung: Busbenutzung erst ab einer Entfernung von 4 km &#8211; Kontakttreffen: Twister Vereine und Jugendverb\u00e4nde stellen sich im Schulzentrum vor &#8211; Eine Kommission des Kultusministeriums informiert sich \u00fcber die Arbeit des Modellversuchs &#8211; HS-Untersuchung: Hospitationen in den F\u00e4chern Deutsch, Mathematik und AWT &#8211; Beginn des Deutsch-Franz\u00f6sischen-Sch\u00fcleraustausches &#8211; \u201eFirst-Class&#8220;-Reise nach England (S. Plohmann) &#8211; \u201eJe-ka-mi-Nachmittag&#8220; ; Quiz, Pantomime, Sch\u00fclerband (J. Heimkamp)<\/td><\/tr><tr><td>1984\/85<\/td><td>&#8211; Neue Informationstechnik f\u00fcr Sch\u00fcler und Erwachsene: Computerraum mit VC 64-Ger\u00e4ten ausgestattet (F. Folkers; U. Heisterkamp) &#8211;&nbsp;&nbsp;&nbsp;&nbsp; Soforthilfe f\u00fcr \u00c4thiopien; 2600 DM bei Schulgottesdienst gespendet &#8211; Lehrer legen selber Hand an: Pflasterarbeiten f\u00fcr Parkplatz &#8211; Bestandsaufnahme der Orientierungsstufe<\/td><\/tr><tr><td>1985\/86<\/td><td>&#8211; Schulfest anl\u00e4sslich des 10-j\u00e4hrigen Bestehens &#8211; Drittes Kontakttreffen am Schulzentrum &#8211; \u201eJugend unterh\u00e4lt Jugend&#8220; Jugendnachmittag mit Tanz und Spiel (Modellversuch)<\/td><\/tr><tr><td>1986\/87<\/td><td>&#8211; Spiel ohne Grenzen aus Anlass des 200-j\u00e4hrigen Bestehens der Moorkolonien Twist &#8211; Sch\u00fclerlotsen sichern den \u00dcbergang ihrer Mitsch\u00fcler &#8211; Verabschiedung der ersten Schul\u00adsekret\u00e4rin, Frau Adelheid Rakers; Nachfolgerin wird Frau Bianca Reu\u00df &#8211; Vorweihnachtliche Feier (1700 DM f\u00fcr die Behindertenarbeit) &#8211; Bestandsaufnahme der Realschule: (Franz\u00f6sisch, Deutsch u. der WPf-Unterricht sind Gegenstand der Untersuchung)<\/td><\/tr><tr><td>1987\/88<\/td><td>&#8211; Musikschultage des Landkreises Emsiand &#8211; Schulfest (500 DM an Initiativkreis) &#8211; Sch\u00fclerlotsen des Schulzentrums sichern auch den \u00dcbergang an der Kirche in Sch\u00f6ninghsdorf &#8211; Schachmeisterschaft der Schule &#8211; Gemeinsames Konzert der Sch\u00fclerband der Johannesschule und der Sch\u00fclerband des Schulzentrums &#8211; Ausstellung zum Thema: \u201eNikotin, Alkohol, Drogen, Medikamente &#8211; Wirkungen, Folgen, Auswege&#8220; &#8211; Freiwillige Englandfahrt (Ostern) &#8211; Umbau der Hausmeisterwohnung und des Sprachlabors zu Klassenr\u00e4umen; Ende der Auslagerung einiger Klassen zur Marienschule<\/td><\/tr><tr><td>1988\/89<\/td><td>&#8211; Sch\u00fcleraustausch mit Frankreich &#8211; Tag der sauberen Umwelt &#8211; Die Bestandsaufnahme der Realschule wird abgeschlossen. Eine Aussage des Abschlussberichts: \u201eDer Realsch\u00fcler zeichnet sich durch Flei\u00df, Lernwillen und Arbeitsbereitschaft aus&#8230;&#8220; &#8211; Plattdeutscher Vorlesewettbewerb<\/td><\/tr><tr><td>1989\/90<\/td><td>&#8211; Frau Etmann wird neue Leiterin des Modellversuchs: Sie ist haupts\u00e4chlich f\u00fcr die Jugendarbeit in Vereinen und Verb\u00e4nden zust\u00e4ndig. &#8211; Projekttage und Schulfest (2000 DM f\u00fcr Polenhilfe) &#8211; Polenhilfe des Schulzentrums (25 Klassen schicken zusammen mit dem Windthorstgymnasium dringend ben\u00f6tigte Lebensmittel und Kleidung in die Umgebung von Danzig) &#8211; Einrichtung eines zweiten Computerraums (8 Rechner f\u00fcr MS-DOS-Programme) &#8211; Die Wahlpflichtkurse Sozialkunde aus Twist und Dalum fahren gemeinsam in die DDR (auffallend sind die freundlichen Grenzbeamten u. die Westmusik)<\/td><\/tr><tr><td>1990\/91<\/td><td>&#8211; Einrichtung einer Kleinlerngruppe &#8211; Reinerl\u00f6s der diesj\u00e4hrigen Weihnachtsfeier: (1000 DM plus 1000 DM aus einer Sammlung am Schul-Zentrum) f\u00fcr die Kinder in Tschernobyl &#8211; Umgestaltung des Busbahnhofs (aus Sicherheitsgr\u00fcnden werden die Verkehrsinseln zur\u00fcckgebaut) &#8211; Der Bischof von Osnabr\u00fcck, Dr. Averkamp besucht das Schulzentrum (Gespr\u00e4ch mit allen Religionslehrern der Gemeinde)<\/td><\/tr><tr><td>1991\/92<\/td><td>&#8211; Die Schulsekret\u00e4rin, Frau Schmitz, geht in Mutterschaftsurlaub; Nachfolgerin f\u00fcr 1\/2 Jahr wird Gabriele Hampel &#8211; Beginnend mit den Klassen 7 wird die Lernmittelfreiheit in Niedersachsen eingef\u00fchrt &#8211; Die <em>5. <\/em>Unterrichtsstunde am Samstag wird abgeschafft &#8211; \u201eSpiele mit Wasser und am Wasser&#8220; &#8211; Abschluss: Fackellauf um den See (1500 DM an BUND Emsiand) &#8211; Zweiter Schulwettbewerb Reiten in Oldenburg &#8211; Schulinterne Lehrerfortbildung in Frenswegen: \u201eNeue Impulse f\u00fcr das Schulleben&#8220; &#8211; Reduzierung des freiwilligen Angebots am Donnerstag-Nachmittag &#8211; Frau Ursula Brandt wird neue Schulsekret\u00e4rin &#8211; Lehrer i. R. Johannes Dettmer (Das Lied vom Twist) verstarb im Alter von 93 Jahren in K\u00f6ln<\/td><\/tr><tr><td>1992\/93<\/td><td>&#8211; Die Gemeinde Twist ehrt Sch\u00fclerlotsen (Initiator u. betreuender Lehrer: Hermann Sommer) &#8211; Einf\u00fchrung einer freiwilligen Klasse 10 der Hauptschule wird genehmigt. &#8211; Informationsabend f\u00fcr Lehrer und Eltern zum Thema \u201eFriedenhalten in der Familie&#8220; &#8211; Abschaffung des Samstag-U. wegen schlechter Unterrichtsversorgung<\/td><\/tr><tr><td>1993\/94<\/td><td>&#8211; Jugendliche pflanten Allee in Hebelermeer (gemeinsame Aktion des Schulzentrums und der Jugendfeuerwehr) &#8211; Die Betriebspraktika der finden erstmals nicht im Herbst-sondern direkt nach den Osterferien statt. &#8211; Der unterrichtsfreie Samstag wird offiziell beschlossen. &#8211; Die Sch\u00fclerinnen und Sch\u00fcler der H 10 nehmen am letzten Kolloquium teil. &#8211; Schulentlassung der ersten H 10<\/td><\/tr><tr><td>1994\/95<\/td><td>&#8211; Zehn Jahre deutsch-franz\u00f6sischer Sch\u00fcleraustausch &#8211; Neue Abschlussverordnungen f\u00fcr HS und RS; Abschaffung des qualifizierten Abschlusses nach der HS 9 &#8211; Die Sanierung der undichten Flachd\u00e4cher wird begonnen. &#8211; \u201eNiedersachsen f\u00fcr saubere Umwelt&#8220; Aktion des NDR &#8211; Neue Arbeitsgemeinschaft \u201eReiten&#8220; &#8211; Die Jugendpflegerin Cornelia Egbers k\u00fcndigt ihren Arbeitsvertrag<\/td><\/tr><tr><td>1995\/96<\/td><td>&#8211; An der Schule werden 39 Kinder von Aussiedlern und 16 ausl\u00e4ndische Sch\u00fcler(innen) unterrichtet &#8211; \u201eKinder stark machen &#8211; zu stark f\u00fcr Drogen&#8220; (Projekttage und Elternabend der OS (Leitung: A. Plomann) &#8211; Teilnahme am Wettbewerb \u201eReiten&#8220; in D\u00f6rpen &#8211; Regelm\u00e4\u00dfige Disco-Veranstalltugen im Schulzentrum &#8211; Sch\u00fcler aus Twist schreiben f\u00fcr \u201eZIS&#8220; (Zeitung in der Schule) &#8211; Niedersachsenmeister im Schulfu\u00dfball wurde die M\u00e4dchenmannschaft des Schulzentrums<\/td><\/tr><tr><td>1996\/97<\/td><td>&#8211; Mit dem Anbau von 4 allgemeinen Unterrichtsr\u00e4umen wird begonnen. &#8211; Neue Bolzplatztore f\u00fcr die Rasenfl\u00e4che des Pausenhofs &#8211; Sch\u00fcler(innen) des Schulzentrums sammelten in den vergangenen 10 Jahren ungef\u00e4hr 150000 DM f\u00fcr einen guten Zweck. &#8211; Neuer Hausmeister: Josef Einhaus tritt seinen Dienst an. &#8211; Schulinterne Lehrerfortbildung: Thema: \u201eUmgang mit verhaltensauff\u00e4lligen Sch\u00fclern&#8220; &#8211; Gr\u00fcndung des F\u00f6rdervereins des Schulzentrums<\/td><\/tr><tr><td>1997\/98<\/td><td>&#8211; Verabschiedung des ersten Hausmeisters Karl-Heinz Rohling &#8211; Projekt: Zeitung macht Schule &#8211; Schule macht Zeitung (Heitere Auftaktveranstaltung im Schulzentrum) &#8211; Inline &#8211; Skater &#8211; Bahn auf dem Schulhof wird in Betrieb genommen &#8211; Anschaffung eines neuen Mofas (F\u00f6rderverein, Raiffeisenkasse und Kreissparkasse) -Gewalt in Twist: Ein Sch\u00fcler aus Twist wird auf dem Heimweg von einem Ausw\u00e4rtigen brutal zusam\u00admengeschlagen. &#8211; Einweihung von 4 allgemeinen Unterrichtsr\u00e4umen (Neuer Computerraum) &#8211; Die Ortsgeistlichen stimmen einer Ausnahmegenehmigung f\u00fcr den konfessions\u00fcbergreifenden Religionsun\u00adterricht in den Kleinlerngruppen zu. &#8211; In der Schulstra\u00dfe wird ein besonderer Bereich mit Sitzgelegenheiten und Gr\u00fcnpflanzen geschaffen. &#8211; In der gro\u00dfen Pause kommt der B\u00e4cker &nbsp;<\/td><\/tr><tr><td>1998\/99<\/td><td>&#8211; Feierliche Verabschiedung des langj\u00e4hrigen Schulleiters Folkert Folkers &#8211; Weihnachtsmarkt: Erl\u00f6s von 2000,-an SOS &#8211; Kinderdorf \u201eHaus Twist&#8220; &#8211; Zus\u00e4tzliche p\u00e4dagogische Konferenzen f\u00fcr alle 5. u. 7. Klassen &#8211; Alternative Klassenfahrten: Skifreizeit in Inzell; Kanufahrt auf der Aller; Freizeit im Zeltdorf Otterndorf &#8211; Besuch des Bischofs von Osnabr\u00fcck, Dr. Franz-Josef Bode &#8211; Projekttage der OS zum Thema \u201eDrogen&#8220; mit Ausstellung und Elternabend &#8211; Vortrag und Diskussion zum Thema: \u201eDicke Luft zwischen Eltern und Kindern&#8230;<sup>&#8222;<\/sup> (Konfliktbew\u00e4ltigung im Elternhaus und in der Schule) (F\u00f6rderverein und VHS)<\/td><\/tr><tr><td>1999\/200<\/td><td>&#8211; 3 zus\u00e4tzliche Arbeitstage f\u00fcr Lehrer (die letzten Tage der Sommerferien) &#8211; Zus\u00e4tzliche Arbeitsgemeinschaften am Donnerstag-Nachmittag (finan\u00adzielle Unterst\u00fctzung durch den F\u00f6rderverein) &#8211; Mitgliederzahl des F\u00f6rdervereins wird auf 100 Mitglieder verdoppelt &#8211; Arbeitsgruppe ber\u00e4t \u00fcber einen Namen f\u00fcr unsere Schule (bisher ohne Ergebnis) &#8211; Blues-Konzert findet gro\u00dfen Anklang &#8211; Die beiden Schultage nach den Halbjahreszeugnissen werden zu Arbeitstagen f\u00fcr Lehrer(innen); Sch\u00fcler haben unterrichtsfrei &#8211; Lehrerfortbildungsnachmittag f\u00fcr das Kollegium: \u201eMediation &#8211; ein Beitrag zur Konfliktbew\u00e4ltigung&#8220; &#8211; \u201eGame over&#8220; &#8211; Theaterst\u00fcck zur Gewalt in Schulen (TPZ \u2013 Lingen) &#8211; Schriftliche u. m\u00fcndliche Ab\u00adschlusspr\u00fcfungen &#8211; Einrichtung eines Meditationsraums &#8211; Schulfest anl\u00e4sslich des 25-j\u00e4hrigen Bestehens des Schulzentrums mit Gottesdienst und Abendveranstaltung<\/td><\/tr><\/tbody><\/table><\/figure>\n\n\n\n<p><\/p>\n","protected":false},"excerpt":{"rendered":"<p>Schuljahr Besondere Ereignisse 1975\/76 &#8211; Bezug des neuen Geb\u00e4udes &#8211; Aufbau der Orientierungsstufe Planungsgruppen u. Fachkonferenzen arbeiten an den Nachmittagen &#8211; Wahlpflichtunterricht in den Naturwissenschaften &#8211; Arbeitsgemeinschaften f\u00fcr die Klassen 5 &#8211; 7 &#8211; Rektor Mijalski begeht sein 40-j\u00e4hriges Dienstjubil\u00e4um &hellip; <a href=\"https:\/\/oberschuletwist.de\/?page_id=60631\">Weiterlesen <span class=\"meta-nav\">&rarr;<\/span><\/a><\/p>\n","protected":false},"author":2,"featured_media":0,"parent":0,"menu_order":0,"comment_status":"closed","ping_status":"closed","template":"","meta":{"footnotes":""},"class_list":["post-60631","page","type-page","status-publish","hentry"],"_links":{"self":[{"href":"https:\/\/oberschuletwist.de\/index.php?rest_route=\/wp\/v2\/pages\/60631","targetHints":{"allow":["GET"]}}],"collection":[{"href":"https:\/\/oberschuletwist.de\/index.php?rest_route=\/wp\/v2\/pages"}],"about":[{"href":"https:\/\/oberschuletwist.de\/index.php?rest_route=\/wp\/v2\/types\/page"}],"author":[{"embeddable":true,"href":"https:\/\/oberschuletwist.de\/index.php?rest_route=\/wp\/v2\/users\/2"}],"replies":[{"embeddable":true,"href":"https:\/\/oberschuletwist.de\/index.php?rest_route=%2Fwp%2Fv2%2Fcomments&post=60631"}],"version-history":[{"count":1,"href":"https:\/\/oberschuletwist.de\/index.php?rest_route=\/wp\/v2\/pages\/60631\/revisions"}],"predecessor-version":[{"id":60632,"href":"https:\/\/oberschuletwist.de\/index.php?rest_route=\/wp\/v2\/pages\/60631\/revisions\/60632"}],"wp:attachment":[{"href":"https:\/\/oberschuletwist.de\/index.php?rest_route=%2Fwp%2Fv2%2Fmedia&parent=60631"}],"curies":[{"name":"wp","href":"https:\/\/api.w.org\/{rel}","templated":true}]}}