{"id":56745,"date":"2023-09-07T10:23:00","date_gmt":"2023-09-07T08:23:00","guid":{"rendered":"https:\/\/oberschuletwist.de\/?page_id=56745"},"modified":"2023-09-07T10:23:00","modified_gmt":"2023-09-07T08:23:00","slug":"bp-lingen","status":"publish","type":"page","link":"https:\/\/oberschuletwist.de\/?page_id=56745","title":{"rendered":"BP Lingen"},"content":{"rendered":"\n<p><strong>BP Lingen macht Schule&nbsp;&nbsp;&nbsp;&nbsp;&nbsp;&nbsp;&nbsp;&nbsp;&nbsp;&nbsp;&nbsp;&nbsp;&nbsp;<\/strong><strong><\/strong><strong><\/strong><\/p>\n\n\n\n<p>Die BP Raffinerie Lingen verarbeitet im Emsland seit 1953 Roh\u00f6l zu Kraftstoffen, Kerosin, leichtem Heiz\u00f6l und Chemieprodukten.<\/p>\n\n\n\n<p>Sie sind seit vielen Jahren ein wichtiger Ausbildungsbetrieb in der Region. In f\u00fcnf Berufsfeldern bieten sie eine Ausbildung bzw. ein duales Studium an der Hochschule Osnabr\u00fcck (Standort Lingen) an:<\/p>\n\n\n\n<ul class=\"wp-block-list\">\n<li>Chemikant\/-in,<\/li>\n\n\n\n<li>Industriemechaniker\/-in,<\/li>\n\n\n\n<li>Elektroniker\/-in f\u00fcr Automatisierungstechnik<\/li>\n\n\n\n<li>Elektroniker\/-in f\u00fcr Betriebstechnik<\/li>\n\n\n\n<li>Bachelor of Engineering (m\/w) Chemische Prozesstechnik<\/li>\n<\/ul>\n\n\n\n<p>Die BP und die Schule m\u00f6chte \u201eschon bei Sch\u00fclern die Begeisterung f\u00fcr naturwissenschaftliche oder technische Themen wecken\u201c, denn aufgrund von praktischen Erfahrungen in der Schulzeit erhalten Sch\u00fclerinnen und Sch\u00fcler oftmals eine erste Entscheidungsgrundlage f\u00fcr den sp\u00e4teren Beruf.<\/p>\n\n\n\n<p>\u00b7&nbsp;&nbsp;&nbsp;&nbsp;&nbsp;&nbsp;&nbsp;Kooperationsgrundlagen sind : Betriebsbesichtigungen<\/p>\n\n\n\n<p>\u00b7&nbsp;&nbsp;&nbsp;&nbsp;&nbsp;&nbsp;&nbsp;Teilnahme an der Ausbildungsplatzb\u00f6rse der Schule<\/p>\n\n\n\n<p>\u00b7&nbsp;&nbsp;&nbsp;&nbsp;&nbsp;&nbsp;&nbsp;Azubis berichten in der Schule \u00fcber ihre Ausbildung<\/p>\n\n\n\n<p>\u00b7\u00a0\u00a0\u00a0\u00a0&#8230;<\/p>\n\n\n\n<p>Au\u00dferdem erhielt&nbsp;die Oberschule Twist f\u00fcr die Anschaffung eines 3D-Drucker Bausatzes beziehungsweise f\u00fcr Laptops, die f\u00fcr einen Forschungs- und Roboterwettbewerb ben\u00f6tigt wurden im letzten Jahr eine gro\u00dfz\u00fcgige Unterst\u00fctzung.&nbsp;<\/p>\n","protected":false},"excerpt":{"rendered":"<p>BP Lingen macht Schule&nbsp;&nbsp;&nbsp;&nbsp;&nbsp;&nbsp;&nbsp;&nbsp;&nbsp;&nbsp;&nbsp;&nbsp;&nbsp; Die BP Raffinerie Lingen verarbeitet im Emsland seit 1953 Roh\u00f6l zu Kraftstoffen, Kerosin, leichtem Heiz\u00f6l und Chemieprodukten. Sie sind seit vielen Jahren ein wichtiger Ausbildungsbetrieb in der Region. In f\u00fcnf Berufsfeldern bieten sie eine Ausbildung bzw. &hellip; <a href=\"https:\/\/oberschuletwist.de\/?page_id=56745\">Weiterlesen <span class=\"meta-nav\">&rarr;<\/span><\/a><\/p>\n","protected":false},"author":2,"featured_media":0,"parent":0,"menu_order":0,"comment_status":"closed","ping_status":"closed","template":"","meta":{"footnotes":""},"class_list":["post-56745","page","type-page","status-publish","hentry"],"_links":{"self":[{"href":"https:\/\/oberschuletwist.de\/index.php?rest_route=\/wp\/v2\/pages\/56745","targetHints":{"allow":["GET"]}}],"collection":[{"href":"https:\/\/oberschuletwist.de\/index.php?rest_route=\/wp\/v2\/pages"}],"about":[{"href":"https:\/\/oberschuletwist.de\/index.php?rest_route=\/wp\/v2\/types\/page"}],"author":[{"embeddable":true,"href":"https:\/\/oberschuletwist.de\/index.php?rest_route=\/wp\/v2\/users\/2"}],"replies":[{"embeddable":true,"href":"https:\/\/oberschuletwist.de\/index.php?rest_route=%2Fwp%2Fv2%2Fcomments&post=56745"}],"version-history":[{"count":1,"href":"https:\/\/oberschuletwist.de\/index.php?rest_route=\/wp\/v2\/pages\/56745\/revisions"}],"predecessor-version":[{"id":56747,"href":"https:\/\/oberschuletwist.de\/index.php?rest_route=\/wp\/v2\/pages\/56745\/revisions\/56747"}],"wp:attachment":[{"href":"https:\/\/oberschuletwist.de\/index.php?rest_route=%2Fwp%2Fv2%2Fmedia&parent=56745"}],"curies":[{"name":"wp","href":"https:\/\/api.w.org\/{rel}","templated":true}]}}