{"id":56731,"date":"2023-09-07T10:09:45","date_gmt":"2023-09-07T08:09:45","guid":{"rendered":"https:\/\/oberschuletwist.de\/?page_id=56731"},"modified":"2023-09-07T10:36:54","modified_gmt":"2023-09-07T08:36:54","slug":"fa-wavin","status":"publish","type":"page","link":"https:\/\/oberschuletwist.de\/?page_id=56731","title":{"rendered":"Fa. Wavin"},"content":{"rendered":"\n<p><strong><u>Betriebserkundung bei der Firma Wavin<\/u><\/strong><\/p>\n\n\n\n<p>Am Mittwoch, den 28.09.2022 besuchten wir die Firma Wavin, die Rohre f\u00fcr verschiedene Zwecke, unter anderem f\u00fcr Klempnerarbeiten und Kanalisation herstellt. Uns wurde von Herrn Kriete, dem Ausbildungsbeauftragten der Firma, der Arbeitsablauf gezeigt, beginnend mit der Entwicklung der Form, endend mit der Inspektion der Rohre auf M\u00e4ngel. Der Prozess l\u00e4uft fast automatisch ab, da viele Arbeiten von Robotern erledigt werden.<br>Kurz vor Ende der Tour machten wir eine kurze Kaffeepause in der Kantine der Firma. Nach einem Gruppenfoto vor der Firmenkulisse endete die Betriebsf\u00fchrung. Vielen Dank f\u00fcr den interessanten Einblick an die Firma Wavin.<\/p>\n\n\n\n<p><\/p>\n\n\n\n<p><strong>Kooperation mit Firma Wavin GmbH<\/strong><\/p>\n\n\n\n<p>\u00a0Am 2. Dezember 2013 wurde zwischen der Firma Wavin GmbH, vertreten durch die Ausbildungsbeauftragten Frau Bruns und Herrn Klose und der Oberschule Twist, vertreten durch die kommissarische Schulleiterin Frau Rengers eine langj\u00e4hrige Kooperation schriftlich besiegelt. Die Kooperationsvereinbarung soll dazu beitragen, die in den schulformbezogenen Grunderlassen dargestellten Ziele zu verwirklichen.<br>Im Anschluss und an weiteren Terminen fanden eine Betriebsbesichtigung und eine Vorstellung der Ausbildungsberufe f\u00fcr die Sch\u00fcler\/innen der Abschlussklassen in der Firma Wavin statt.<\/p>\n\n\n\n<p><\/p>\n\n\n\n<p><\/p>\n\n\n\n<p>P<strong><u>raxisnachmittage der MinT-Gruppe des Jahrgangs 8 \u00a0bei der Firma Wavin<\/u><\/strong><\/p>\n\n\n\n<p>Wir, Marie-Theres, Luana und Marie besuchten an drei Nachmittagen die Firma Wavin, um eine Wanduhr herzustellen.<\/p>\n\n\n\n<p>Am ersten Tag&nbsp; bekamen wir von Herrn Kriete, der f\u00fcr die Ausbildung im Betrieb zust\u00e4ndig ist, eine Sicherheitsunterweisung, ohne die wir in der Werkstatt nicht arbeiten d\u00fcrfen. In der Werkstatt durften wir ausschlie\u00dflich mit Sicherheitsschuhen arbeiten und im Umgang mit elektrischen Maschinen haben wir eine Schutzbrille getragen.<\/p>\n\n\n\n<p>Nach einer kurzen Pr\u00e4sentation und Betriebsbesichtigung stellte Herr Kriete das Projekt \u201eUhrenbau\u201c vor, an dem wir an den kommenden zwei Terminen arbeiten werden.<br>Zu unserer \u00dcberraschung begleiteten uns vier Auszubildende aus dem ersten Ausbildungsjahr, die auch die Oberschule in Twist besucht hatten: Kilian Plass, Rico Stroot, Luca Janning und Jan-Luca Schwering. Das Geh\u00e4use, aus dem die Uhr besteht, wurde aus einem Deckel eines Rohres aus Hartkunststoff gefertigt. Zun\u00e4chst haben wir die Mitte des Deckels durch das Anrei\u00dfen mit einem Winkelmesser festgelegt und anschlie\u00dfend mit einem K\u00f6rner vertieft. Danach markierten wir mit einem den Innendurchmesser. Um den Kreisring mit der Stichs\u00e4ge auss\u00e4gen zu k\u00f6nnen, bohrten wir ein Loch in den Deckel und arbeiteten uns mit der Stichs\u00e4ge zum Kreis vor. Nach dem S\u00e4gen feilten wir Ungenauigkeiten ab und kanteten die scharfen Kanten ab. Im Anschluss bearbeiteten wir das Geh\u00e4use mit Schleifpapier, bevor wir es am Ende des ersten Tages lackiert haben. Beim Lackieren war darauf zu achten, etwas Abstand zum Werkst\u00fcck zu halten, um Tropfenbildung zu vermeiden.<\/p>\n\n\n\n<p>Am zweiten Praxisnachmittag fertigten wir die Bodenplatte und die Sichtscheibe des Uhrgeh\u00e4uses an. Bei der Bodenplatte ermittelten wir, wie beim Kreisring, zeichnerisch den Mittelpunkt, um zum einen den Umkreis des Bodens anrei\u00dfen zu k\u00f6nnen, zum anderen den Bohrpunkt f\u00fcr das Uhrwerk zu ermitteln. Nach diesem Arbeitsschritt s\u00e4gten wir mit der Stichs\u00e4ge die Bodenplatte zu und schleiften die R\u00e4nder nach, anschlie\u00dfend bohrten wir das Loch im Zentrum der Platte. Bei der Sichtplatte, bestehend aus Plexiglas, wiederholten sich die Arbeitsvorg\u00e4nge, mit dem Unterschied, dass wir beim Anrei\u00dfen des Kreises und der Ermittlung des Mittelpunktes auf der Schutzfolie sehr vorsichtig sein mussten, um die Sichtfl\u00e4che nicht zu zerkratzen.<\/p>\n\n\n\n<p>Zum Schluss setzten wir die Uhr zusammen; zun\u00e4chst wurde die Plexiglasscheibe in den Kreisring eingesetzt, anschlie\u00dfend wurde das Zifferblatt, das von den Auszubildenden der Firma Wavin entworfen wurde, zwischen die Sichtscheibe und den Boden gelegt und das Uhrwerk durch die Bohrl\u00f6cher beider Scheiben eingesetzt, bevor der Boden mit Silikonkleber auf der Falz des Geh\u00e4uses befestigt wurde.<\/p>\n\n\n\n<p>W\u00e4hrend unserer Praxistage wurden wir tatkr\u00e4ftig von den vier Auszubildenden unterst\u00fctzt.<\/p>\n\n\n\n<p>Anfang Juni wurden uns die Uhren von der Firma Wavin im Beisein von Frau We\u00dfling vom Wirtschaftsverband Emsland e.V. und unsere Oberschulrektorin Frau Rengers von der Oberschule Twist feierlich \u00fcberreicht. Die Praxistage bei der Firma Wavin waren sehr lehrreich und haben uns sehr viel Spa\u00df gemacht.<br>Das MinT-Projekt wird\u00a0 vom Wirtschaftsverband Emsland e.V. und von der Agentur f\u00fcr Arbeit finanziert.<\/p>\n","protected":false},"excerpt":{"rendered":"<p>Betriebserkundung bei der Firma Wavin Am Mittwoch, den 28.09.2022 besuchten wir die Firma Wavin, die Rohre f\u00fcr verschiedene Zwecke, unter anderem f\u00fcr Klempnerarbeiten und Kanalisation herstellt. Uns wurde von Herrn Kriete, dem Ausbildungsbeauftragten der Firma, der Arbeitsablauf gezeigt, beginnend mit &hellip; <a href=\"https:\/\/oberschuletwist.de\/?page_id=56731\">Weiterlesen <span class=\"meta-nav\">&rarr;<\/span><\/a><\/p>\n","protected":false},"author":2,"featured_media":0,"parent":0,"menu_order":0,"comment_status":"closed","ping_status":"closed","template":"","meta":{"footnotes":""},"class_list":["post-56731","page","type-page","status-publish","hentry"],"_links":{"self":[{"href":"https:\/\/oberschuletwist.de\/index.php?rest_route=\/wp\/v2\/pages\/56731","targetHints":{"allow":["GET"]}}],"collection":[{"href":"https:\/\/oberschuletwist.de\/index.php?rest_route=\/wp\/v2\/pages"}],"about":[{"href":"https:\/\/oberschuletwist.de\/index.php?rest_route=\/wp\/v2\/types\/page"}],"author":[{"embeddable":true,"href":"https:\/\/oberschuletwist.de\/index.php?rest_route=\/wp\/v2\/users\/2"}],"replies":[{"embeddable":true,"href":"https:\/\/oberschuletwist.de\/index.php?rest_route=%2Fwp%2Fv2%2Fcomments&post=56731"}],"version-history":[{"count":2,"href":"https:\/\/oberschuletwist.de\/index.php?rest_route=\/wp\/v2\/pages\/56731\/revisions"}],"predecessor-version":[{"id":56752,"href":"https:\/\/oberschuletwist.de\/index.php?rest_route=\/wp\/v2\/pages\/56731\/revisions\/56752"}],"wp:attachment":[{"href":"https:\/\/oberschuletwist.de\/index.php?rest_route=%2Fwp%2Fv2%2Fmedia&parent=56731"}],"curies":[{"name":"wp","href":"https:\/\/api.w.org\/{rel}","templated":true}]}}