{"id":56728,"date":"2023-09-07T10:07:43","date_gmt":"2023-09-07T08:07:43","guid":{"rendered":"https:\/\/oberschuletwist.de\/?page_id=56728"},"modified":"2023-09-07T10:07:43","modified_gmt":"2023-09-07T08:07:43","slug":"covestro-resins","status":"publish","type":"page","link":"https:\/\/oberschuletwist.de\/?page_id=56728","title":{"rendered":"Covestro Resins"},"content":{"rendered":"\n<p><strong>&nbsp;Fachkonferenz Wirtschaft bei der Firma DSM&nbsp;Kunstharze GmbH<\/strong>&nbsp;<\/p>\n\n\n\n<p>Eine Fachkonferenz Wirtschaft bei der Firma DSM, ein Kooperationspartner der Oberschule, in R\u00fchlerfeld statt. Die Sch\u00fclervertreterin, der Elternvertreter sowie die Fachlehrer und der Schulsozialarbeiter erhielten von Herrn V\u00f6llering zun\u00e4chst einige Informationen \u00fcber das Praktikum und \u00fcber die Ausbildung bei der Firma DSM. Im Anschluss fand au\u00dferdem eine interessante Betriebsbesichtigung statt, bei welcher Herr V\u00f6llering die Produktion und die Verwendung der Produkte vorstellte.<\/p>\n\n\n\n<p><strong>Oberschule Twist kooperiert nun auch mit DSM- Kunstharze.<br><br><\/strong>Die Sch\u00fcler der Oberschule Twist &#8211; Schule am See &#8211; haben k\u00fcnftig h\u00e4ufiger die Gelegenheit ihr Klassenzimmer zu verlassen und bei der DSM Kunstharze GmbH in Meppen die Arbeitswelt kennen zu lernen. Einen entsprechenden Kooperationsvertrag unterzeichneten die beiden Parteien am 18. M\u00e4rz 2014 w\u00e4hrend einer Feierstunde. Die Zusammenarbeit ist eingebunden in das Projekt \u201eSchule &#8211; Wirtschaft\u201c der IHK Osnabr\u00fcck &#8211; Emsland &#8211; Grafschaft Bentheim.<\/p>\n\n\n\n<p>Ziel der IHK-Initiative ist es, den Sch\u00fclern den \u00dcbergang in den Beruf zu erleichtern und Unternehmen bei der Sicherung des Fachkr\u00e4ftenachwuchses zu unterst\u00fctzen.<br>\u201eDer Schl\u00fcssel zum Erfolg ist das pers\u00f6nliche Kennenlernen: Die Sch\u00fcler erkennen Ihre Interessen und das Unternehmen findet Talente, die es zu f\u00f6rdern lohnt, auch wenn das Zeugnis auf dem ersten Blick etwas anderes sagt\u201c, erkl\u00e4rt IHK-Projektbetreuer Henrik Dartmann.<br>\u201eDurch diese Kooperation haben die Sch\u00fclerinnen und Sch\u00fcler die M\u00f6glichkeit, ein gro\u00dfes Wirtschaftsunternehmen in regionaler N\u00e4he kennenzulernen, um so aus erster Hand \u00fcber die Herausforderungen des Berufslebens informiert zu werden und Fachleute aus der Wirtschaft als Ansprechpartner zu haben\u201c, erg\u00e4nzt Roswitha Rengers, kommissarische Schulleiterin der Schule am See.<\/p>\n\n\n\n<p>Hans Overkamp, Gesch\u00e4ftsf\u00fchrer der DSM Kunstharze GmbH unterstreicht angesichts des demografischen Wandels die Notwendigkeit, mit Sch\u00fclerinnen und Sch\u00fclern schon fr\u00fch in Kontakt zu treten: \u201eUm unser Unternehmen nachhaltig weiterzuentwickeln m\u00fcssen wir schon heute offensiv auf die jungen Leute zugehen und immer wieder begabte und motivierte Jugendliche entdecken, ausbilden und f\u00f6rdern. Nur so kann der Betrieb wettbewerbsf\u00e4hig bleiben.\u201c<\/p>\n\n\n\n<p>Die Sch\u00fcler der Oberschule Twist haben die M\u00f6glichkeit, das Unternehmen bei Betriebsf\u00fchrungen und Schulpraktika kennen zu lernen. Zudem soll in der Schule \u00fcber die Anforderungen im Betrieb und in der Berufsschule berichtet werden. Au\u00dferdem sollen die Lehrer durch Lehrerpraktika den Arbeitsalltag im Betrieb selbst kennen lernen und so Unterst\u00fctzung f\u00fcr die naturwissenschaftlichen und AWT-Unterricht erfahren.<\/p>\n","protected":false},"excerpt":{"rendered":"<p>&nbsp;Fachkonferenz Wirtschaft bei der Firma DSM&nbsp;Kunstharze GmbH&nbsp; Eine Fachkonferenz Wirtschaft bei der Firma DSM, ein Kooperationspartner der Oberschule, in R\u00fchlerfeld statt. Die Sch\u00fclervertreterin, der Elternvertreter sowie die Fachlehrer und der Schulsozialarbeiter erhielten von Herrn V\u00f6llering zun\u00e4chst einige Informationen \u00fcber das &hellip; <a href=\"https:\/\/oberschuletwist.de\/?page_id=56728\">Weiterlesen <span class=\"meta-nav\">&rarr;<\/span><\/a><\/p>\n","protected":false},"author":2,"featured_media":0,"parent":0,"menu_order":0,"comment_status":"closed","ping_status":"closed","template":"","meta":{"footnotes":""},"class_list":["post-56728","page","type-page","status-publish","hentry"],"_links":{"self":[{"href":"https:\/\/oberschuletwist.de\/index.php?rest_route=\/wp\/v2\/pages\/56728","targetHints":{"allow":["GET"]}}],"collection":[{"href":"https:\/\/oberschuletwist.de\/index.php?rest_route=\/wp\/v2\/pages"}],"about":[{"href":"https:\/\/oberschuletwist.de\/index.php?rest_route=\/wp\/v2\/types\/page"}],"author":[{"embeddable":true,"href":"https:\/\/oberschuletwist.de\/index.php?rest_route=\/wp\/v2\/users\/2"}],"replies":[{"embeddable":true,"href":"https:\/\/oberschuletwist.de\/index.php?rest_route=%2Fwp%2Fv2%2Fcomments&post=56728"}],"version-history":[{"count":1,"href":"https:\/\/oberschuletwist.de\/index.php?rest_route=\/wp\/v2\/pages\/56728\/revisions"}],"predecessor-version":[{"id":56730,"href":"https:\/\/oberschuletwist.de\/index.php?rest_route=\/wp\/v2\/pages\/56728\/revisions\/56730"}],"wp:attachment":[{"href":"https:\/\/oberschuletwist.de\/index.php?rest_route=%2Fwp%2Fv2%2Fmedia&parent=56728"}],"curies":[{"name":"wp","href":"https:\/\/api.w.org\/{rel}","templated":true}]}}