{"id":56725,"date":"2023-09-07T10:02:41","date_gmt":"2023-09-07T08:02:41","guid":{"rendered":"https:\/\/oberschuletwist.de\/?page_id=56725"},"modified":"2023-09-07T10:02:41","modified_gmt":"2023-09-07T08:02:41","slug":"fa-peters","status":"publish","type":"page","link":"https:\/\/oberschuletwist.de\/?page_id=56725","title":{"rendered":"Fa. Peters"},"content":{"rendered":"\n<p><strong><u><strong>&nbsp;<\/strong><\/u>Betriebsbesuch bei der Firma Peters<\/strong><\/p>\n\n\n\n<p>Wir besuchten im September  die Firma Peters Maschinenbau. Mitarbeiter Herr Strehse f\u00fchrte uns durch die Produktionshallen, wo uns gezeigt wurde, wie ein Siloanh\u00e4nger gebaut wird. Wir haben gelernt, wie der Schwei\u00dfprozess des Rahmens funktioniert und die Programmierung des Schwei\u00dfroboters, die f\u00fcr diesen Vorgang notwendig war. Einige Teile des Rahmens wurden in einer Maschine mit Laser bearbeitet, um eine bestimmte Form zu erzeugen. Gro\u00dfe Teile wurden in einem Raum mit einem Roboter platziert, der zwei Teile der Struktur\u00a0 zu einem verschwei\u00dfte. Abschlie\u00dfend wurde uns das Lager gezeigt, wo die verschiedenen Materialien gelagert werden. Vielen Dank an die Firma Peters, dass sie uns einen so interessanten Einblick in ihre Firma gaben.<\/p>\n\n\n\n<p><\/p>\n\n\n\n<p><strong>Oberschule Twist \u2013 Schule am See vereinbart Kooperation mit Fa. Peters Maschinenbau<\/strong><\/p>\n\n\n\n<p>Berufsvorbereitung und Berufsorientierung haben inzwischen einen hohen Stellenwert in der schulischen Bildung. Bereits ab Klasse 8 in der Hauptschule absolvieren die Sch\u00fcler sogenannte Praxistage in den umliegenden Betrieben ihrer Wahl. Es folgen die zwei\u2013 bis&nbsp; dreiw\u00f6chigen Betriebspraktika&nbsp; auch f\u00fcr die Sch\u00fcler der Klassen 9 und 10 der Realschule. Dar\u00fcber hinaus k\u00f6nnen die Sch\u00fcler an Betriebserkundungen teilnehmen, die auf freiwilliger Basis au\u00dferhalb des regul\u00e4ren Unterrichts von Helmut Korte, Sozialarbeiter der Schule, organisiert werden.<\/p>\n\n\n\n<p>Die Schule braucht Betriebe, die sich bereit erkl\u00e4ren sowohl Praktikanten aufzunehmen als auch dar\u00fcber hinaus Projekte anzubieten, sodass Sch\u00fcler in Kleingruppen in den Betrieben etwas herstellen k\u00f6nnen. Die Firma Peters Maschinenbau GmbH &amp; Co. KG hat sich bereit erkl\u00e4rt, mit der Oberschule Twist zu kooperieren und damit die M\u00f6glichkeit er\u00f6ffnet, dass Sch\u00fcler in dem Betrieb an einem eigenen Projekt arbeiten k\u00f6nnen. So wurde bereits in vergangener Zeit in Kooperation mit der Firma Peters eine Bank von Sch\u00fclern hergestellt, die in der Schule ihren Nutzen gefunden hat.<\/p>\n\n\n\n<p>G\u00fcnter Peters, der die Firma vor zehn Jahren &nbsp;gr\u00fcndete, hat inzwischen 120 Angestellte. Der Betrieb mit einer Fl\u00e4che von 7500 qm&nbsp; stellt unter anderem Metallbauteile f\u00fcr Anh\u00e4nger, G\u00fcllewagen und Schiffskabinen her und beliefert Firmen in Deutschland und den Niederlanden. Noch 2007 wurde eine weitere Halle f\u00fcr Lasertechnik gebaut.<\/p>\n\n\n\n<p>Herr Peters beklagt jedoch, dass es kaum Bewerber f\u00fcr&nbsp; Ausbildungspl\u00e4tze gibt. Aus diesem Grunde ist es umso wichtiger, dass Sch\u00fcler &nbsp;in den Betrieb gehen, um einen Einblick in den Bereich Metallbau zu erhalten. &nbsp;Eine Ausbildung zum Maschinen- und Anlagenf\u00fchrer dauert zwei Jahre,&nbsp; die Ausbildung zum Metallbauer weitere eineinhalb Jahre. Die Auszubildenden haben gute Chancen, nach der Ausbildung \u00fcbernommen zu werden.<\/p>\n","protected":false},"excerpt":{"rendered":"<p>&nbsp;Betriebsbesuch bei der Firma Peters Wir besuchten im September die Firma Peters Maschinenbau. Mitarbeiter Herr Strehse f\u00fchrte uns durch die Produktionshallen, wo uns gezeigt wurde, wie ein Siloanh\u00e4nger gebaut wird. Wir haben gelernt, wie der Schwei\u00dfprozess des Rahmens funktioniert und &hellip; <a href=\"https:\/\/oberschuletwist.de\/?page_id=56725\">Weiterlesen <span class=\"meta-nav\">&rarr;<\/span><\/a><\/p>\n","protected":false},"author":2,"featured_media":0,"parent":0,"menu_order":0,"comment_status":"closed","ping_status":"closed","template":"","meta":{"footnotes":""},"class_list":["post-56725","page","type-page","status-publish","hentry"],"_links":{"self":[{"href":"https:\/\/oberschuletwist.de\/index.php?rest_route=\/wp\/v2\/pages\/56725","targetHints":{"allow":["GET"]}}],"collection":[{"href":"https:\/\/oberschuletwist.de\/index.php?rest_route=\/wp\/v2\/pages"}],"about":[{"href":"https:\/\/oberschuletwist.de\/index.php?rest_route=\/wp\/v2\/types\/page"}],"author":[{"embeddable":true,"href":"https:\/\/oberschuletwist.de\/index.php?rest_route=\/wp\/v2\/users\/2"}],"replies":[{"embeddable":true,"href":"https:\/\/oberschuletwist.de\/index.php?rest_route=%2Fwp%2Fv2%2Fcomments&post=56725"}],"version-history":[{"count":1,"href":"https:\/\/oberschuletwist.de\/index.php?rest_route=\/wp\/v2\/pages\/56725\/revisions"}],"predecessor-version":[{"id":56727,"href":"https:\/\/oberschuletwist.de\/index.php?rest_route=\/wp\/v2\/pages\/56725\/revisions\/56727"}],"wp:attachment":[{"href":"https:\/\/oberschuletwist.de\/index.php?rest_route=%2Fwp%2Fv2%2Fmedia&parent=56725"}],"curies":[{"name":"wp","href":"https:\/\/api.w.org\/{rel}","templated":true}]}}