{"id":56716,"date":"2023-09-07T09:54:33","date_gmt":"2023-09-07T07:54:33","guid":{"rendered":"https:\/\/oberschuletwist.de\/?page_id=56716"},"modified":"2023-09-07T09:54:33","modified_gmt":"2023-09-07T07:54:33","slug":"bekuplast","status":"publish","type":"page","link":"https:\/\/oberschuletwist.de\/?page_id=56716","title":{"rendered":"bekuplast"},"content":{"rendered":"\n<p><strong><a href=\"http:\/\/www.schulverbund-twist.de\/berufsorientierung\/berufsorientierung2\/berichtbbs.doc\">Kooperationsvertrag mit bekuplast<\/a><\/strong><\/p>\n\n\n\n<p>Am 22.08.17 wurde der Kooperationsvertrag zwischen der Oberschule Twist und bekuplast in Ringe unterzeichnet. Die IHK Osnabr\u00fcck- Emsland unterst\u00fctzt diese Kooperationsvereinbarung \u201eSchule- Wirtschaft\u201c, um den Sch\u00fclern einen realistischen Einblick in die Arbeitswelt zu erm\u00f6glichen.<a href=\"http:\/\/oberschule.schulverbund-twist.de\/wp-content\/uploads\/2017\/09\/DSC_0085.jpg\">&nbsp;<\/a><\/p>\n\n\n\n<p>Bereits seit mehreren Jahren besteht eine Zusammenarbeit zwischen der Oberschule und dem Hersteller von Kunststoffboxen. So wurden Projekte der MinT M\u00e4dchen (M\u00e4dchen in die Technik) unter der Leitung des Schulsozialarbeiters Herrn Korte bei der Firma bekuplast durchgef\u00fchrt. Die Sch\u00fclerinnen stellten im Rahmen dieses Projektes Kunststoffbeh\u00e4lter mit Logo f\u00fcr die Schule her.<\/p>\n\n\n\n<p>Herr Korte sowie Frau Bruns, die Fachbereichsleiterin Wirtschaft\/Berufsorientierung, haben in den vergangenen Jahren mehrere Kooperationspartner wie Peters Maschinenbau, BP, DSM Kunstharze GbmH, das Altenheim St. Anna sowie PflegeWohnen auf dem B\u00fcld f\u00fcr die Schule gewinnen k\u00f6nnen. Die Sch\u00fcler profitieren durch die enge Zusammenarbeit mit den Betrieben. Erkundungen oder beispielsweise Projekte werden verst\u00e4rkt mit den Kooperationsbetrieben- und Institutionen geplant und durchgef\u00fchrt. So durften die Sch\u00fcler der Klasse O10b bei der Vertragsunterzeichnung mit bekuplast an einer Erkundung, geleitet von Auszubildenden, teilnehmen und den Betrieb kennenlernen.<br>In Zukunft sollen die gemeinsamen Projekte weiter ausgebaut werden. So planen Herr Bergmann und Frau Pastunink von bekuplast mit Auszubildenden der Firma eine komplette Abhandlung eines Auftrages gemeinsam mit der Oberschule und den Sch\u00fclern durchzuf\u00fchren. Das Thema wird noch nicht verraten.<\/p>\n","protected":false},"excerpt":{"rendered":"<p>Kooperationsvertrag mit bekuplast Am 22.08.17 wurde der Kooperationsvertrag zwischen der Oberschule Twist und bekuplast in Ringe unterzeichnet. Die IHK Osnabr\u00fcck- Emsland unterst\u00fctzt diese Kooperationsvereinbarung \u201eSchule- Wirtschaft\u201c, um den Sch\u00fclern einen realistischen Einblick in die Arbeitswelt zu erm\u00f6glichen.&nbsp; Bereits seit mehreren &hellip; <a href=\"https:\/\/oberschuletwist.de\/?page_id=56716\">Weiterlesen <span class=\"meta-nav\">&rarr;<\/span><\/a><\/p>\n","protected":false},"author":2,"featured_media":0,"parent":0,"menu_order":0,"comment_status":"closed","ping_status":"closed","template":"","meta":{"footnotes":""},"class_list":["post-56716","page","type-page","status-publish","hentry"],"_links":{"self":[{"href":"https:\/\/oberschuletwist.de\/index.php?rest_route=\/wp\/v2\/pages\/56716","targetHints":{"allow":["GET"]}}],"collection":[{"href":"https:\/\/oberschuletwist.de\/index.php?rest_route=\/wp\/v2\/pages"}],"about":[{"href":"https:\/\/oberschuletwist.de\/index.php?rest_route=\/wp\/v2\/types\/page"}],"author":[{"embeddable":true,"href":"https:\/\/oberschuletwist.de\/index.php?rest_route=\/wp\/v2\/users\/2"}],"replies":[{"embeddable":true,"href":"https:\/\/oberschuletwist.de\/index.php?rest_route=%2Fwp%2Fv2%2Fcomments&post=56716"}],"version-history":[{"count":1,"href":"https:\/\/oberschuletwist.de\/index.php?rest_route=\/wp\/v2\/pages\/56716\/revisions"}],"predecessor-version":[{"id":56721,"href":"https:\/\/oberschuletwist.de\/index.php?rest_route=\/wp\/v2\/pages\/56716\/revisions\/56721"}],"wp:attachment":[{"href":"https:\/\/oberschuletwist.de\/index.php?rest_route=%2Fwp%2Fv2%2Fmedia&parent=56716"}],"curies":[{"name":"wp","href":"https:\/\/api.w.org\/{rel}","templated":true}]}}