{"id":54403,"date":"2023-03-17T10:03:14","date_gmt":"2023-03-17T09:03:14","guid":{"rendered":"https:\/\/oberschuletwist.de\/?page_id=54403"},"modified":"2024-04-07T16:18:02","modified_gmt":"2024-04-07T14:18:02","slug":"schulneuanmeldung-fuer-die-klassen-6-bis-10-3","status":"publish","type":"page","link":"https:\/\/oberschuletwist.de\/?page_id=54403","title":{"rendered":"Schulneuanmeldung und B\u00fccher f\u00fcr die Klassen 6 bis 10\u00a0"},"content":{"rendered":"\n<figure class=\"wp-block-table\"><table><thead><tr><th><\/th><th><\/th><th><\/th><\/tr><\/thead><tbody><tr><td><br><a href=\"https:\/\/oberschuletwist.de\/wp-content\/uploads\/2024\/02\/Schueleraufnahmebogen.pdf\"><strong>Sch\u00fcleraufnahmebogen<\/strong><br><strong>f\u00fcr neue Sch\u00fcler<\/strong><\/a><br><br><br><br><\/td><td><br><a href=\"https:\/\/oberschuletwist.de\/wp-content\/uploads\/2024\/04\/Informationen-entgeltliche-Ausleihe.pdf\"><strong>Information zur Schulbuchausleihe<\/strong><\/a><br><br><a href=\"https:\/\/oberschuletwist.de\/wp-content\/uploads\/2024\/04\/Eltern-Lernmittel-Anmeldung-Kl.-610-20242025.pdf\"><strong>Anmeldung zur Schulbuchausleihe<\/strong><\/a><strong><br><\/strong><br><a href=\"https:\/\/oberschuletwist.de\/?page_id=58543\"><strong>Schulbuchlisten<\/strong><\/a><\/td><td><br><strong>Bestellscheine f\u00fcr die Arbeitshefte<\/strong>:<br><a href=\"https:\/\/oberschuletwist.de\/wp-content\/uploads\/2024\/04\/Bestellschein-Klasse-6-2024.pdf\"><strong>Klasse6<\/strong><\/a><br><a href=\"https:\/\/oberschuletwist.de\/wp-content\/uploads\/2024\/04\/Bestellschein-Klasse-7-2024.pdf\"><strong>Klasse7<\/strong><\/a><br><a href=\"https:\/\/oberschuletwist.de\/wp-content\/uploads\/2024\/04\/Bestellschein-Klasse-8-2024.pdf\"><strong>Klasse8<\/strong><\/a> <br><a href=\"https:\/\/oberschuletwist.de\/wp-content\/uploads\/2024\/04\/Bestellschein-Klasse-9-2024.pdf\"><strong>Klasse9<\/strong><\/a><br><a href=\"https:\/\/oberschuletwist.de\/wp-content\/uploads\/2024\/04\/Bestellschein-Klasse-10-20242025.pdf\"><strong>Klasse 10<\/strong><\/a><\/td><\/tr><\/tbody><\/table><\/figure>\n\n\n\n<p><strong>&nbsp;&nbsp;&nbsp;&nbsp;&nbsp;&nbsp;Informationen gibt es auch unter Telefon 05936923390.<\/strong><\/p>\n","protected":false},"excerpt":{"rendered":"<p>Sch\u00fcleraufnahmebogenf\u00fcr neue Sch\u00fcler Information zur Schulbuchausleihe Anmeldung zur SchulbuchausleiheSchulbuchlisten Bestellscheine f\u00fcr die Arbeitshefte:Klasse6Klasse7Klasse8 Klasse9Klasse 10 &nbsp;&nbsp;&nbsp;&nbsp;&nbsp;&nbsp;Informationen gibt es auch unter Telefon 05936923390.<\/p>\n","protected":false},"author":2,"featured_media":0,"parent":0,"menu_order":0,"comment_status":"closed","ping_status":"closed","template":"","meta":{"footnotes":""},"class_list":["post-54403","page","type-page","status-publish","hentry"],"_links":{"self":[{"href":"https:\/\/oberschuletwist.de\/index.php?rest_route=\/wp\/v2\/pages\/54403","targetHints":{"allow":["GET"]}}],"collection":[{"href":"https:\/\/oberschuletwist.de\/index.php?rest_route=\/wp\/v2\/pages"}],"about":[{"href":"https:\/\/oberschuletwist.de\/index.php?rest_route=\/wp\/v2\/types\/page"}],"author":[{"embeddable":true,"href":"https:\/\/oberschuletwist.de\/index.php?rest_route=\/wp\/v2\/users\/2"}],"replies":[{"embeddable":true,"href":"https:\/\/oberschuletwist.de\/index.php?rest_route=%2Fwp%2Fv2%2Fcomments&post=54403"}],"version-history":[{"count":43,"href":"https:\/\/oberschuletwist.de\/index.php?rest_route=\/wp\/v2\/pages\/54403\/revisions"}],"predecessor-version":[{"id":58608,"href":"https:\/\/oberschuletwist.de\/index.php?rest_route=\/wp\/v2\/pages\/54403\/revisions\/58608"}],"wp:attachment":[{"href":"https:\/\/oberschuletwist.de\/index.php?rest_route=%2Fwp%2Fv2%2Fmedia&parent=54403"}],"curies":[{"name":"wp","href":"https:\/\/api.w.org\/{rel}","templated":true}]}}