{"id":53513,"date":"2023-03-02T10:15:04","date_gmt":"2023-03-02T09:15:04","guid":{"rendered":"https:\/\/oberschuletwist.de\/?page_id=53513"},"modified":"2023-03-02T10:15:04","modified_gmt":"2023-03-02T09:15:04","slug":"antrag-6-kostenuebernahme-fuer-die-teilnahme-an-vereins-kultur-und-ferienangeboten-fuer-kinder-und-jugendliche-bis-zur-vollendung-des-18-lebensjahres","status":"publish","type":"page","link":"https:\/\/oberschuletwist.de\/?page_id=53513","title":{"rendered":"Antrag 6: Kosten\u00fcbernahme f\u00fcr die Teilnahme an Vereins-, Kultur- und Ferienangeboten f\u00fcr Kinder und Jugendliche bis zur Vollendung des 18. Lebensjahres"},"content":{"rendered":"\n<div data-wp-interactive=\"core\/file\" class=\"wp-block-file\"><object data-wp-bind--hidden=\"!state.hasPdfPreview\" hidden class=\"wp-block-file__embed\" data=\"https:\/\/oberschuletwist.de\/wp-content\/uploads\/2023\/03\/Anlage_6.pdf\" type=\"application\/pdf\" style=\"width:100%;height:600px\" aria-label=\"Einbettung von Anlage_6.\"><\/object><a id=\"wp-block-file--media-c9f40ef9-6bc8-4555-8c6d-26721c9ca20e\" href=\"https:\/\/oberschuletwist.de\/wp-content\/uploads\/2023\/03\/Anlage_6.pdf\">Anlage_6<\/a><a href=\"https:\/\/oberschuletwist.de\/wp-content\/uploads\/2023\/03\/Anlage_6.pdf\" class=\"wp-block-file__button wp-element-button\" download aria-describedby=\"wp-block-file--media-c9f40ef9-6bc8-4555-8c6d-26721c9ca20e\">Herunterladen<\/a><\/div>\n","protected":false},"excerpt":{"rendered":"","protected":false},"author":2,"featured_media":0,"parent":0,"menu_order":0,"comment_status":"closed","ping_status":"closed","template":"","meta":{"footnotes":""},"class_list":["post-53513","page","type-page","status-publish","hentry"],"_links":{"self":[{"href":"https:\/\/oberschuletwist.de\/index.php?rest_route=\/wp\/v2\/pages\/53513","targetHints":{"allow":["GET"]}}],"collection":[{"href":"https:\/\/oberschuletwist.de\/index.php?rest_route=\/wp\/v2\/pages"}],"about":[{"href":"https:\/\/oberschuletwist.de\/index.php?rest_route=\/wp\/v2\/types\/page"}],"author":[{"embeddable":true,"href":"https:\/\/oberschuletwist.de\/index.php?rest_route=\/wp\/v2\/users\/2"}],"replies":[{"embeddable":true,"href":"https:\/\/oberschuletwist.de\/index.php?rest_route=%2Fwp%2Fv2%2Fcomments&post=53513"}],"version-history":[{"count":1,"href":"https:\/\/oberschuletwist.de\/index.php?rest_route=\/wp\/v2\/pages\/53513\/revisions"}],"predecessor-version":[{"id":53514,"href":"https:\/\/oberschuletwist.de\/index.php?rest_route=\/wp\/v2\/pages\/53513\/revisions\/53514"}],"wp:attachment":[{"href":"https:\/\/oberschuletwist.de\/index.php?rest_route=%2Fwp%2Fv2%2Fmedia&parent=53513"}],"curies":[{"name":"wp","href":"https:\/\/api.w.org\/{rel}","templated":true}]}}