{"id":53509,"date":"2023-03-02T10:12:32","date_gmt":"2023-03-02T09:12:32","guid":{"rendered":"https:\/\/oberschuletwist.de\/?page_id=53509"},"modified":"2023-03-02T10:12:32","modified_gmt":"2023-03-02T09:12:32","slug":"antrag-3-kostenuebernahme-fuer-die-schuelerbefoerderung-fuer-das-schuljahr-______","status":"publish","type":"page","link":"https:\/\/oberschuletwist.de\/?page_id=53509","title":{"rendered":"Antrag 3: Kosten\u00fcbernahme f\u00fcr die Sch\u00fclerbef\u00f6rderung f\u00fcr das Schuljahr ______"},"content":{"rendered":"\n<div data-wp-interactive=\"core\/file\" class=\"wp-block-file\"><object data-wp-bind--hidden=\"!state.hasPdfPreview\" hidden class=\"wp-block-file__embed\" data=\"https:\/\/oberschuletwist.de\/wp-content\/uploads\/2023\/03\/Anlage_3.pdf\" type=\"application\/pdf\" style=\"width:100%;height:600px\" aria-label=\"Einbettung von Anlage_3.\"><\/object><a id=\"wp-block-file--media-36413505-1dff-4180-a0b9-4555e3b0ddf0\" href=\"https:\/\/oberschuletwist.de\/wp-content\/uploads\/2023\/03\/Anlage_3.pdf\">Anlage_3<\/a><a href=\"https:\/\/oberschuletwist.de\/wp-content\/uploads\/2023\/03\/Anlage_3.pdf\" class=\"wp-block-file__button wp-element-button\" download aria-describedby=\"wp-block-file--media-36413505-1dff-4180-a0b9-4555e3b0ddf0\">Herunterladen<\/a><\/div>\n","protected":false},"excerpt":{"rendered":"","protected":false},"author":2,"featured_media":0,"parent":0,"menu_order":0,"comment_status":"closed","ping_status":"closed","template":"","meta":{"footnotes":""},"class_list":["post-53509","page","type-page","status-publish","hentry"],"_links":{"self":[{"href":"https:\/\/oberschuletwist.de\/index.php?rest_route=\/wp\/v2\/pages\/53509","targetHints":{"allow":["GET"]}}],"collection":[{"href":"https:\/\/oberschuletwist.de\/index.php?rest_route=\/wp\/v2\/pages"}],"about":[{"href":"https:\/\/oberschuletwist.de\/index.php?rest_route=\/wp\/v2\/types\/page"}],"author":[{"embeddable":true,"href":"https:\/\/oberschuletwist.de\/index.php?rest_route=\/wp\/v2\/users\/2"}],"replies":[{"embeddable":true,"href":"https:\/\/oberschuletwist.de\/index.php?rest_route=%2Fwp%2Fv2%2Fcomments&post=53509"}],"version-history":[{"count":1,"href":"https:\/\/oberschuletwist.de\/index.php?rest_route=\/wp\/v2\/pages\/53509\/revisions"}],"predecessor-version":[{"id":53510,"href":"https:\/\/oberschuletwist.de\/index.php?rest_route=\/wp\/v2\/pages\/53509\/revisions\/53510"}],"wp:attachment":[{"href":"https:\/\/oberschuletwist.de\/index.php?rest_route=%2Fwp%2Fv2%2Fmedia&parent=53509"}],"curies":[{"name":"wp","href":"https:\/\/api.w.org\/{rel}","templated":true}]}}