{"id":53506,"date":"2023-03-02T10:09:33","date_gmt":"2023-03-02T09:09:33","guid":{"rendered":"https:\/\/oberschuletwist.de\/?page_id=53506"},"modified":"2023-03-02T10:09:33","modified_gmt":"2023-03-02T09:09:33","slug":"antrag-4-kostenuebernahme-fuer-lernfoerderung","status":"publish","type":"page","link":"https:\/\/oberschuletwist.de\/?page_id=53506","title":{"rendered":"Antrag 4: Kosten\u00fcbernahme f\u00fcr Lernf\u00f6rderung"},"content":{"rendered":"\n<div data-wp-interactive=\"core\/file\" class=\"wp-block-file\"><object data-wp-bind--hidden=\"!state.hasPdfPreview\" hidden class=\"wp-block-file__embed\" data=\"https:\/\/oberschuletwist.de\/wp-content\/uploads\/2023\/03\/Anlage_4.pdf\" type=\"application\/pdf\" style=\"width:100%;height:600px\" aria-label=\"Einbettung von Anlage_4.\"><\/object><a id=\"wp-block-file--media-08ff320e-c32f-43b5-9668-223b13a532e0\" href=\"https:\/\/oberschuletwist.de\/wp-content\/uploads\/2023\/03\/Anlage_4.pdf\">Anlage_4<\/a><a href=\"https:\/\/oberschuletwist.de\/wp-content\/uploads\/2023\/03\/Anlage_4.pdf\" class=\"wp-block-file__button wp-element-button\" download aria-describedby=\"wp-block-file--media-08ff320e-c32f-43b5-9668-223b13a532e0\">Herunterladen<\/a><\/div>\n","protected":false},"excerpt":{"rendered":"","protected":false},"author":2,"featured_media":0,"parent":0,"menu_order":0,"comment_status":"closed","ping_status":"closed","template":"","meta":{"footnotes":""},"class_list":["post-53506","page","type-page","status-publish","hentry"],"_links":{"self":[{"href":"https:\/\/oberschuletwist.de\/index.php?rest_route=\/wp\/v2\/pages\/53506","targetHints":{"allow":["GET"]}}],"collection":[{"href":"https:\/\/oberschuletwist.de\/index.php?rest_route=\/wp\/v2\/pages"}],"about":[{"href":"https:\/\/oberschuletwist.de\/index.php?rest_route=\/wp\/v2\/types\/page"}],"author":[{"embeddable":true,"href":"https:\/\/oberschuletwist.de\/index.php?rest_route=\/wp\/v2\/users\/2"}],"replies":[{"embeddable":true,"href":"https:\/\/oberschuletwist.de\/index.php?rest_route=%2Fwp%2Fv2%2Fcomments&post=53506"}],"version-history":[{"count":1,"href":"https:\/\/oberschuletwist.de\/index.php?rest_route=\/wp\/v2\/pages\/53506\/revisions"}],"predecessor-version":[{"id":53507,"href":"https:\/\/oberschuletwist.de\/index.php?rest_route=\/wp\/v2\/pages\/53506\/revisions\/53507"}],"wp:attachment":[{"href":"https:\/\/oberschuletwist.de\/index.php?rest_route=%2Fwp%2Fv2%2Fmedia&parent=53506"}],"curies":[{"name":"wp","href":"https:\/\/api.w.org\/{rel}","templated":true}]}}