{"id":52790,"date":"2023-02-22T11:53:38","date_gmt":"2023-02-22T10:53:38","guid":{"rendered":"https:\/\/oberschuletwist.de\/?page_id=52790"},"modified":"2025-12-04T11:13:05","modified_gmt":"2025-12-04T10:13:05","slug":"schulsozialarbeit","status":"publish","type":"page","link":"https:\/\/oberschuletwist.de\/?page_id=52790","title":{"rendered":"Schulsozialarbeit"},"content":{"rendered":"\n<p><strong>&nbsp;<u>&nbsp;<\/u>Schulische Sozialarbeit an der Oberschule Twist<\/strong><\/p>\n\n\n\n<p><strong>Allgemeine Aufgabenstellung und Zielsetzungen<\/strong><\/p>\n\n\n\n<p>Sozialarbeit an Schulen ist eine pr\u00e4ventive Form der Jugendhilfe zur F\u00f6rderung von Kindern im schulpflichtigen Alter. S\u00e4mtliche Aktivit\u00e4ten und Ans\u00e4tze einer verbindlich vereinbarten, dauerhaften und gleichberechtigten Kooperation von Jugendhilfe und Schule sind Grundlage eines Selbstverst\u00e4ndnisses, in dem die gemeinsame Arbeit von Lehrkr\u00e4ften und Fachkr\u00e4ften umgesetzt werden. Daf\u00fcr werden f\u00fcr beide Kooperationspartner Zielvereinbarungen formuliert.<\/p>\n\n\n\n<p><strong>Schule ist nicht nur Lernort, sondern auch Lebensort.<\/strong><\/p>\n\n\n\n<p>Damit ist es eine Aufgabe so fr\u00fch wie m\u00f6glich Handlungskompetenz zu zeigen, gestalterisch einzugreifen und dem gesellschaftlichen Auftrag Rechnung zu tragen Kinder und Jugendliche in ein selbstverantwortliches Leben zu f\u00fchren.<\/p>\n\n\n\n<p>Als Hauptaufgabe von Schulsozialarbeit wird in dem Erlass der Bereich der Berufsorientierung definiert, also die \u00dcbergangsphase der Sch\u00fclerinnen und Sch\u00fcler in das Berufsleben oder eine weiterf\u00fchrende schulische Ausbildung.<\/p>\n\n\n\n<p>&nbsp;.<em>Sozialp\u00e4dagoginnen und Sozialp\u00e4dagogen unterst\u00fctzen die Lehrkr\u00e4fte der Oberschule bei der Durchf\u00fchrung berufsorientierender und berufsbildender Ma\u00dfnahmen. Grundlage dieser Ma\u00dfnahmen sind die Ergebnisse eines Kompetenzfeststellungsverfahrens, die Hinweise f\u00fcr die individuelle F\u00f6rderung und die Berufswegeplanung der Sch\u00fclerinnen und Sch\u00fcler geben.&#8220;<\/em><\/p>\n\n\n\n<p><strong>&nbsp;Seit 2006 ist Diplom-Sozialarbeiter Herr Korte in der schulischen Sozialarbeit an unserer Schule t\u00e4tig.<\/strong><\/p>\n\n\n\n<ul class=\"wp-block-list\">\n<li><strong>Herr Korte steht Sch\u00fcler*, Eltern und Lehrkr\u00e4ften als Ansprechpartner zur Verf\u00fcgung.<\/strong><\/li>\n\n\n\n<li><strong>Betreuung des Ganztagsbereiches<\/strong><\/li>\n\n\n\n<li><strong>Organisation der j\u00e4hrlich stattfindenden Gewalt- und Suchtpr\u00e4ventionstage<\/strong><\/li>\n\n\n\n<li><strong>Angebote in der Berufsorientierung<\/strong><\/li>\n\n\n\n<li><strong>Herr Korte bildet Sch\u00fcler* zu Schulmediatoren aus, begleitet sie in den Streitschlichtungen und bietet Unterst\u00fctzung f\u00fcr Mobbingopfer an (z.B. Klassenvertrag, No-Blame-Approach)<\/strong><\/li>\n\n\n\n<li><strong>Des Weiteren organisiert er als 1. Hilfe Beauftragter Erste-Hilfe-Kurse und den Schulsanit\u00e4tsdienst f\u00fcr Sch\u00fclerinnen und Sch\u00fcler, die sich ehrenamtlich in der Schule als Schulsanit\u00e4ter engagieren wollen<\/strong><\/li>\n\n\n\n<li><strong>Er betreut Sch\u00fcler* bei ihren Hausaufgaben und k\u00fcmmert sich im Angebot \u201eSch\u00fcler helfen Sch\u00fclern\u201c um Einzelnachhilfe f\u00fcr Sch\u00fcler\/innen<\/strong><\/li>\n\n\n\n<li><strong>Herr Korte k\u00fcmmert sich um den&nbsp;&nbsp;Erstkontakt zu jugendrelevanten Institutionen unter Ber\u00fccksichtigung des Datenschutzes und steht mit ihnen nach Einverst\u00e4ndnis der Beteiligten im Austausch.<\/strong><\/li>\n\n\n\n<li><strong>Er f\u00fchrt Telefonate und f\u00e4hrt zu Hausbesuchen bei Schulabsentismus<\/strong><\/li>\n\n\n\n<li><strong>Sprechzeiten f\u00fcr Eltern mit Migrationshintergrund freitags nach Absprache<\/strong><\/li>\n<\/ul>\n\n\n\n<p>\u00a0\u00a0\u00a0\u00a0\u00a0\u00a0\u00a0<strong>Sch\u00fcler* sind immer weibliche und m\u00e4nnliche<\/strong><br><br><strong>Sprechzeiten:<\/strong><\/p>\n\n\n\n<p>Montag bis Donnerstag: 8.00 Uhr bis 15.45 Uhr<br> Freitag: 8.00 Uhr bis 13.00 Uhr<br><\/p>\n\n\n\n<p><strong>Kontakt:<\/strong><br>Telefon: 05936\/92339-23<br>E-Mail:   helmut.korte@oberschule-twist.de<br>                  zana.hille@oberschule-twist.de<\/p>\n\n\n\n<p><\/p>\n","protected":false},"excerpt":{"rendered":"<p>&nbsp;&nbsp;Schulische Sozialarbeit an der Oberschule Twist Allgemeine Aufgabenstellung und Zielsetzungen Sozialarbeit an Schulen ist eine pr\u00e4ventive Form der Jugendhilfe zur F\u00f6rderung von Kindern im schulpflichtigen Alter. S\u00e4mtliche Aktivit\u00e4ten und Ans\u00e4tze einer verbindlich vereinbarten, dauerhaften und gleichberechtigten Kooperation von Jugendhilfe und &hellip; <a href=\"https:\/\/oberschuletwist.de\/?page_id=52790\">Weiterlesen <span class=\"meta-nav\">&rarr;<\/span><\/a><\/p>\n","protected":false},"author":2,"featured_media":0,"parent":0,"menu_order":0,"comment_status":"closed","ping_status":"closed","template":"","meta":{"footnotes":""},"class_list":["post-52790","page","type-page","status-publish","hentry"],"_links":{"self":[{"href":"https:\/\/oberschuletwist.de\/index.php?rest_route=\/wp\/v2\/pages\/52790","targetHints":{"allow":["GET"]}}],"collection":[{"href":"https:\/\/oberschuletwist.de\/index.php?rest_route=\/wp\/v2\/pages"}],"about":[{"href":"https:\/\/oberschuletwist.de\/index.php?rest_route=\/wp\/v2\/types\/page"}],"author":[{"embeddable":true,"href":"https:\/\/oberschuletwist.de\/index.php?rest_route=\/wp\/v2\/users\/2"}],"replies":[{"embeddable":true,"href":"https:\/\/oberschuletwist.de\/index.php?rest_route=%2Fwp%2Fv2%2Fcomments&post=52790"}],"version-history":[{"count":4,"href":"https:\/\/oberschuletwist.de\/index.php?rest_route=\/wp\/v2\/pages\/52790\/revisions"}],"predecessor-version":[{"id":61253,"href":"https:\/\/oberschuletwist.de\/index.php?rest_route=\/wp\/v2\/pages\/52790\/revisions\/61253"}],"wp:attachment":[{"href":"https:\/\/oberschuletwist.de\/index.php?rest_route=%2Fwp%2Fv2%2Fmedia&parent=52790"}],"curies":[{"name":"wp","href":"https:\/\/api.w.org\/{rel}","templated":true}]}}