{"id":52688,"date":"2023-02-20T14:25:37","date_gmt":"2023-02-20T13:25:37","guid":{"rendered":"https:\/\/oberschuletwist.de\/?page_id=52688"},"modified":"2026-01-06T12:08:45","modified_gmt":"2026-01-06T11:08:45","slug":"schueleraemter-2","status":"publish","type":"page","link":"https:\/\/oberschuletwist.de\/?page_id=52688","title":{"rendered":"Sch\u00fclervertreter"},"content":{"rendered":"<div class=\"wp-block-image\">\n<figure class=\"aligncenter size-full\"><a href=\"https:\/\/oberschuletwist.de\/wp-content\/uploads\/2023\/02\/sv.jpg\"><img loading=\"lazy\" decoding=\"async\" width=\"522\" height=\"364\" src=\"https:\/\/oberschuletwist.de\/wp-content\/uploads\/2023\/02\/sv.jpg\" alt=\"\" class=\"wp-image-52689\" srcset=\"https:\/\/oberschuletwist.de\/wp-content\/uploads\/2023\/02\/sv.jpg 522w, https:\/\/oberschuletwist.de\/wp-content\/uploads\/2023\/02\/sv-300x209.jpg 300w\" sizes=\"auto, (max-width: 522px) 100vw, 522px\" \/><\/a><\/figure><\/div>\n\n\n<p class=\"has-blue-color has-light-gray-background-color has-text-color has-background has-link-color wp-elements-3515e9c7d10137385e0bebde92c89af8\" style=\"font-size:19px\">Ein ereignisreiches Jahr 2025 liegt hinter der Sch\u00fclervertretung (SV) der Oberschule Twist. In den vergangenen Monaten hat die SV wieder zahlreiche Projekte umgesetzt und das Schulleben aktiv mitgestaltet. Beim SV-Tag trafen sich die Mitglieder der aktiven SV aus den Jahrg\u00e4ngen 9 und 10, um gemeinsam zu planen und eine neue Gesch\u00e4ftsordnung zu verabschieden, die die Arbeit der SV zuk\u00fcnftig regelt. Besonders erfolgreich war die Aufstellung eines Tampon- und Bindenautomaten auf einer der M\u00e4dchentoiletten. Gemeinsam mit dem Hausmeister installiert, wird der Automat nun von den Sch\u00fclerinnen selbst nachgef\u00fcllt. Au\u00dferdem organisierten die Sch\u00fcler*innen beim Elternsprechtag eine Waffelbackaktion, bei der sie Waffeln, Tee und Kaffee verkauften. Die Einnahmen kommen direkt der SV-Arbeit zugute. Kurz vor Weihnachten organisierte die SV eine Weihnachtsaktion, bei der von Sch\u00fcler*innen geschriebene Weihnachtskarten verteilt wurden. Nach den Weihnachtsferien wird zudem der Quatschgarten wieder er\u00f6ffnet und von engagierten Sch\u00fcleraufsichten betreut.<\/p>\n\n\n<div class=\"wp-block-image\">\n<figure class=\"aligncenter size-large is-resized\"><a href=\"https:\/\/oberschuletwist.de\/wp-content\/uploads\/2026\/01\/sv-scaled.jpeg\"><img loading=\"lazy\" decoding=\"async\" width=\"1024\" height=\"581\" src=\"https:\/\/oberschuletwist.de\/wp-content\/uploads\/2026\/01\/sv-1024x581.jpeg\" alt=\"\" class=\"wp-image-61272\" style=\"width:568px;height:auto\" srcset=\"https:\/\/oberschuletwist.de\/wp-content\/uploads\/2026\/01\/sv-1024x581.jpeg 1024w, https:\/\/oberschuletwist.de\/wp-content\/uploads\/2026\/01\/sv-300x170.jpeg 300w, https:\/\/oberschuletwist.de\/wp-content\/uploads\/2026\/01\/sv-768x435.jpeg 768w, https:\/\/oberschuletwist.de\/wp-content\/uploads\/2026\/01\/sv-1536x871.jpeg 1536w, https:\/\/oberschuletwist.de\/wp-content\/uploads\/2026\/01\/sv-2048x1161.jpeg 2048w\" sizes=\"auto, (max-width: 1024px) 100vw, 1024px\" \/><\/a><\/figure><\/div>\n\n\n<p class=\"has-blue-color has-light-gray-background-color has-text-color has-background has-link-color wp-elements-b91ab1bb176352295d0bc380d418029b\" style=\"font-size:19px\">Auch im Jahr 2026 plant die SV neue Projekte und Aktionen und freut sich auf alle, die mitmachen und das Schulleben an der Oberschule Twist mitgestalten m\u00f6chten.<\/p>\n\n\n\n<p><\/p>\n\n\n\n<p><\/p>\n\n\n\n<pre class=\"wp-block-preformatted has-medium-font-size\">Sch\u00fclerinnen und Sch\u00fcler wirken in der Schule in vielen Gremien mit. Dazu geh\u00f6ren unter anderem der Sch\u00fclerrat und der Schulvorstand.\nDie Mitwirkung der Sch\u00fclerinnen und Sch\u00fcler erfolgt auf Klassenebene durch die Klassensch\u00fclerschaft (\u00a7 73 NSchG) sowie durch die gew\u00e4hlten Klassensprecherinnen und Klassensprecher, auf Schulebene durch den Sch\u00fclerrat (\u00a7 74 NSchG) sowie durch Sch\u00fclersprecherinnen und Sch\u00fclersprecher.\nVon den Sch\u00fclervertretungen k\u00f6nnen alle schulischen Fragen er\u00f6rtert werden. Sie sind zudem von der Schulleitung, dem Schulvorstand oder der zust\u00e4ndigen Konferenz vor grunds\u00e4tzlichen Entscheidungen, vor allem \u00fcber die Organisation der Schule und die Leistungsbewertung, zu h\u00f6ren. Schulleitungen und Lehrkr\u00e4fte haben den Sch\u00fclervertretungen die f\u00fcr die Wahrnehmung ihrer Aufgaben erforderlichen Ausk\u00fcnfte zu erteilen (\u00a7 80 NSchG).\nDie Mitwirkung der Sch\u00fclervertretungen begr\u00fcndet allerdings kein Recht auf Mitbestimmung, sondern beschr\u00e4nkt sich auf die Wahrnehmung von Er\u00f6rterungs-, Anh\u00f6rungs- und Informationsrechten. In die Entscheidungsprozesse der Schule sind die Sch\u00fclerinnen und Sch\u00fcler durch ihre f\u00fcr den Schul\u00advorstand und die Konferenzen gew\u00e4hlten Vertreterinnen und Vertreter eingebunden.\u201c\n\n<\/pre>\n\n\n<div class=\"wp-block-image\">\n<figure class=\"aligncenter size-large is-resized\"><a href=\"https:\/\/oberschuletwist.de\/wp-content\/uploads\/2023\/09\/IMG_20230903_091251_2972.jpg\"><img loading=\"lazy\" decoding=\"async\" width=\"1024\" height=\"753\" src=\"https:\/\/oberschuletwist.de\/wp-content\/uploads\/2023\/09\/IMG_20230903_091251_2972-1024x753.jpg\" alt=\"\" class=\"wp-image-56951\" style=\"width:570px;height:419px\" srcset=\"https:\/\/oberschuletwist.de\/wp-content\/uploads\/2023\/09\/IMG_20230903_091251_2972-1024x753.jpg 1024w, https:\/\/oberschuletwist.de\/wp-content\/uploads\/2023\/09\/IMG_20230903_091251_2972-300x221.jpg 300w, https:\/\/oberschuletwist.de\/wp-content\/uploads\/2023\/09\/IMG_20230903_091251_2972-768x565.jpg 768w, https:\/\/oberschuletwist.de\/wp-content\/uploads\/2023\/09\/IMG_20230903_091251_2972.jpg 1080w\" sizes=\"auto, (max-width: 1024px) 100vw, 1024px\" \/><\/a><\/figure><\/div>\n\n\n<pre class=\"wp-block-preformatted has-medium-font-size\">unsere neuen Sch\u00fclervertreter Jana Wilmes und Marie Thomas. <\/pre>\n\n\n\n<div class=\"wp-block-columns is-layout-flex wp-container-core-columns-is-layout-9d6595d7 wp-block-columns-is-layout-flex\">\n<div class=\"wp-block-column is-layout-flow wp-block-column-is-layout-flow\"><\/div>\n\n\n\n<div class=\"wp-block-column is-layout-flow wp-block-column-is-layout-flow\"><\/div>\n<\/div>\n","protected":false},"excerpt":{"rendered":"<p>Ein ereignisreiches Jahr 2025 liegt hinter der Sch\u00fclervertretung (SV) der Oberschule Twist. In den vergangenen Monaten hat die SV wieder zahlreiche Projekte umgesetzt und das Schulleben aktiv mitgestaltet. Beim SV-Tag trafen sich die Mitglieder der aktiven SV aus den Jahrg\u00e4ngen &hellip; <a href=\"https:\/\/oberschuletwist.de\/?page_id=52688\">Weiterlesen <span class=\"meta-nav\">&rarr;<\/span><\/a><\/p>\n","protected":false},"author":2,"featured_media":0,"parent":0,"menu_order":0,"comment_status":"closed","ping_status":"closed","template":"","meta":{"footnotes":""},"class_list":["post-52688","page","type-page","status-publish","hentry"],"_links":{"self":[{"href":"https:\/\/oberschuletwist.de\/index.php?rest_route=\/wp\/v2\/pages\/52688","targetHints":{"allow":["GET"]}}],"collection":[{"href":"https:\/\/oberschuletwist.de\/index.php?rest_route=\/wp\/v2\/pages"}],"about":[{"href":"https:\/\/oberschuletwist.de\/index.php?rest_route=\/wp\/v2\/types\/page"}],"author":[{"embeddable":true,"href":"https:\/\/oberschuletwist.de\/index.php?rest_route=\/wp\/v2\/users\/2"}],"replies":[{"embeddable":true,"href":"https:\/\/oberschuletwist.de\/index.php?rest_route=%2Fwp%2Fv2%2Fcomments&post=52688"}],"version-history":[{"count":7,"href":"https:\/\/oberschuletwist.de\/index.php?rest_route=\/wp\/v2\/pages\/52688\/revisions"}],"predecessor-version":[{"id":61276,"href":"https:\/\/oberschuletwist.de\/index.php?rest_route=\/wp\/v2\/pages\/52688\/revisions\/61276"}],"wp:attachment":[{"href":"https:\/\/oberschuletwist.de\/index.php?rest_route=%2Fwp%2Fv2%2Fmedia&parent=52688"}],"curies":[{"name":"wp","href":"https:\/\/api.w.org\/{rel}","templated":true}]}}