{"id":52399,"date":"2023-02-10T16:31:20","date_gmt":"2023-02-10T15:31:20","guid":{"rendered":"http:\/\/oberschule.schulverbund-twist.de\/?page_id=52399"},"modified":"2026-02-01T16:17:54","modified_gmt":"2026-02-01T15:17:54","slug":"ganztagsbereich2","status":"publish","type":"page","link":"https:\/\/oberschuletwist.de\/?page_id=52399","title":{"rendered":"Ganztagsbereich"},"content":{"rendered":"\n<figure class=\"wp-block-image size-full is-resized\"><a href=\"https:\/\/oberschuletwist.de\/wp-content\/uploads\/2026\/02\/Infoheft_OBS_Twist_Vorlage-4.pdf\"><img loading=\"lazy\" decoding=\"async\" width=\"549\" height=\"418\" src=\"https:\/\/oberschuletwist.de\/wp-content\/uploads\/2026\/02\/infoheft-bild.jpg\" alt=\"\" class=\"wp-image-61313\" style=\"width:649px;height:auto\" srcset=\"https:\/\/oberschuletwist.de\/wp-content\/uploads\/2026\/02\/infoheft-bild.jpg 549w, https:\/\/oberschuletwist.de\/wp-content\/uploads\/2026\/02\/infoheft-bild-300x228.jpg 300w\" sizes=\"auto, (max-width: 549px) 100vw, 549px\" \/><\/a><\/figure>\n\n\n\n<p class=\"has-text-align-center has-medium-font-size\"><\/p>\n\n\n\n<p class=\"has-blue-color has-light-gray-background-color has-text-color has-background has-link-color has-medium-font-size wp-elements-ae9adcdbed220bbe421c6423fefdc2dd\">Letzte Meldung: <br>Das klingt nach einer tollen Leistung! Herzlichen Gl\u00fcckwunsch an die Schach-AG und an Wladimir und Felix! Platz 11 bei einer Bezirksmeisterschaft ist auf jeden Fall ein Erfolg, besonders wenn man bedenkt, wie viele starke Spieler da mitmachen.<\/p>\n\n\n<div class=\"wp-block-image\">\n<figure class=\"aligncenter is-resized\"><img loading=\"lazy\" decoding=\"async\" width=\"1024\" height=\"704\" src=\"https:\/\/oberschuletwist.de\/wp-content\/uploads\/2025\/02\/WhatsApp-Image-2025-01-30-at-18.46.57-1024x704.jpeg\" alt=\"\" class=\"wp-image-60273\" style=\"width:496px;height:auto\" srcset=\"https:\/\/oberschuletwist.de\/wp-content\/uploads\/2025\/02\/WhatsApp-Image-2025-01-30-at-18.46.57-1024x704.jpeg 1024w, https:\/\/oberschuletwist.de\/wp-content\/uploads\/2025\/02\/WhatsApp-Image-2025-01-30-at-18.46.57-300x206.jpeg 300w, https:\/\/oberschuletwist.de\/wp-content\/uploads\/2025\/02\/WhatsApp-Image-2025-01-30-at-18.46.57-768x528.jpeg 768w, https:\/\/oberschuletwist.de\/wp-content\/uploads\/2025\/02\/WhatsApp-Image-2025-01-30-at-18.46.57.jpeg 1421w\" sizes=\"auto, (max-width: 1024px) 100vw, 1024px\" \/><\/figure><\/div>\n\n\n<p>.<\/p>\n\n\n\n<p class=\"has-blue-color has-light-gray-background-color has-text-color has-background has-link-color wp-elements-47c93e76e514063ce84b412666c952cc\" style=\"font-size:20px\">Die Arbeitsgemeinschaft<strong>&nbsp;\u201eN\u00e4hen nach Lust<\/strong>\u201e<br>Stolz pr\u00e4sentierten die Sch\u00fclerinnen Anni, Merle und Emily aus dem Jahrgang 5 ihre selbst gen\u00e4hten Teddys und Stoffw\u00fcrfel, die sie unter Anleitung unserer langj\u00e4hrigen Dozentin der N\u00e4h-AG Maria Bernhardt angefertigt haben.<\/p>\n\n\n\n<figure class=\"wp-block-gallery has-nested-images columns-default is-cropped wp-block-gallery-1 is-layout-flex wp-block-gallery-is-layout-flex\">\n<figure class=\"wp-block-image size-large\"><a href=\"https:\/\/oberschuletwist.de\/wp-content\/uploads\/2025\/01\/IMG_3131-1-scaled.jpeg\"><img loading=\"lazy\" decoding=\"async\" width=\"871\" height=\"1024\" data-id=\"60259\" src=\"https:\/\/oberschuletwist.de\/wp-content\/uploads\/2025\/01\/IMG_3131-1-871x1024.jpeg\" alt=\"\" class=\"wp-image-60259\" srcset=\"https:\/\/oberschuletwist.de\/wp-content\/uploads\/2025\/01\/IMG_3131-1-871x1024.jpeg 871w, https:\/\/oberschuletwist.de\/wp-content\/uploads\/2025\/01\/IMG_3131-1-255x300.jpeg 255w, https:\/\/oberschuletwist.de\/wp-content\/uploads\/2025\/01\/IMG_3131-1-768x903.jpeg 768w, https:\/\/oberschuletwist.de\/wp-content\/uploads\/2025\/01\/IMG_3131-1-1307x1536.jpeg 1307w, https:\/\/oberschuletwist.de\/wp-content\/uploads\/2025\/01\/IMG_3131-1-1742x2048.jpeg 1742w\" sizes=\"auto, (max-width: 871px) 100vw, 871px\" \/><\/a><\/figure>\n\n\n\n<figure class=\"wp-block-image size-large\"><a href=\"https:\/\/oberschuletwist.de\/wp-content\/uploads\/2024\/10\/image.png\"><img loading=\"lazy\" decoding=\"async\" width=\"640\" height=\"480\" data-id=\"59840\" src=\"https:\/\/oberschuletwist.de\/wp-content\/uploads\/2024\/10\/image.png\" alt=\"\" class=\"wp-image-59840\" srcset=\"https:\/\/oberschuletwist.de\/wp-content\/uploads\/2024\/10\/image.png 640w, https:\/\/oberschuletwist.de\/wp-content\/uploads\/2024\/10\/image-300x225.png 300w\" sizes=\"auto, (max-width: 640px) 100vw, 640px\" \/><\/a><\/figure>\n<\/figure>\n\n\n\n<p class=\"has-blue-color has-light-gray-background-color has-text-color has-background has-link-color wp-elements-f4f80052ad9f6ec33a2017dc8278d82d\" style=\"font-size:20px\"><strong>Fitness-AG:<\/strong> Im &#8222;Haus der Gesundheit&#8220; powern sich die Sch\u00fcler der Fitness-AG unter der Anleitung von Fitness-Trainerin Gudrun Gerdes aus.<\/p>\n\n\n\n<figure class=\"wp-block-gallery has-nested-images columns-default is-cropped wp-block-gallery-2 is-layout-flex wp-block-gallery-is-layout-flex\">\n<figure class=\"wp-block-image size-large\"><a href=\"https:\/\/oberschuletwist.de\/wp-content\/uploads\/2025\/01\/IMG_3117-scaled.jpeg\"><img loading=\"lazy\" decoding=\"async\" width=\"768\" height=\"1024\" data-id=\"60250\" src=\"https:\/\/oberschuletwist.de\/wp-content\/uploads\/2025\/01\/IMG_3117-768x1024.jpeg\" alt=\"\" class=\"wp-image-60250\" srcset=\"https:\/\/oberschuletwist.de\/wp-content\/uploads\/2025\/01\/IMG_3117-768x1024.jpeg 768w, https:\/\/oberschuletwist.de\/wp-content\/uploads\/2025\/01\/IMG_3117-225x300.jpeg 225w, https:\/\/oberschuletwist.de\/wp-content\/uploads\/2025\/01\/IMG_3117-1152x1536.jpeg 1152w, https:\/\/oberschuletwist.de\/wp-content\/uploads\/2025\/01\/IMG_3117-1536x2048.jpeg 1536w, https:\/\/oberschuletwist.de\/wp-content\/uploads\/2025\/01\/IMG_3117-scaled.jpeg 1920w\" sizes=\"auto, (max-width: 768px) 100vw, 768px\" \/><\/a><\/figure>\n\n\n\n<figure class=\"wp-block-image size-large\"><a href=\"https:\/\/oberschuletwist.de\/wp-content\/uploads\/2025\/01\/IMG_3115-scaled.jpeg\"><img loading=\"lazy\" decoding=\"async\" width=\"768\" height=\"1024\" data-id=\"60249\" src=\"https:\/\/oberschuletwist.de\/wp-content\/uploads\/2025\/01\/IMG_3115-768x1024.jpeg\" alt=\"\" class=\"wp-image-60249\" srcset=\"https:\/\/oberschuletwist.de\/wp-content\/uploads\/2025\/01\/IMG_3115-768x1024.jpeg 768w, https:\/\/oberschuletwist.de\/wp-content\/uploads\/2025\/01\/IMG_3115-225x300.jpeg 225w, https:\/\/oberschuletwist.de\/wp-content\/uploads\/2025\/01\/IMG_3115-1152x1536.jpeg 1152w, https:\/\/oberschuletwist.de\/wp-content\/uploads\/2025\/01\/IMG_3115-1536x2048.jpeg 1536w, https:\/\/oberschuletwist.de\/wp-content\/uploads\/2025\/01\/IMG_3115-scaled.jpeg 1920w\" sizes=\"auto, (max-width: 768px) 100vw, 768px\" \/><\/a><\/figure>\n\n\n\n<figure class=\"wp-block-image size-large\"><a href=\"https:\/\/oberschuletwist.de\/wp-content\/uploads\/2025\/01\/IMG_3112-scaled.jpeg\"><img loading=\"lazy\" decoding=\"async\" width=\"768\" height=\"1024\" data-id=\"60248\" src=\"https:\/\/oberschuletwist.de\/wp-content\/uploads\/2025\/01\/IMG_3112-768x1024.jpeg\" alt=\"\" class=\"wp-image-60248\" srcset=\"https:\/\/oberschuletwist.de\/wp-content\/uploads\/2025\/01\/IMG_3112-768x1024.jpeg 768w, https:\/\/oberschuletwist.de\/wp-content\/uploads\/2025\/01\/IMG_3112-225x300.jpeg 225w, https:\/\/oberschuletwist.de\/wp-content\/uploads\/2025\/01\/IMG_3112-1152x1536.jpeg 1152w, https:\/\/oberschuletwist.de\/wp-content\/uploads\/2025\/01\/IMG_3112-1536x2048.jpeg 1536w, https:\/\/oberschuletwist.de\/wp-content\/uploads\/2025\/01\/IMG_3112-scaled.jpeg 1920w\" sizes=\"auto, (max-width: 768px) 100vw, 768px\" \/><\/a><\/figure>\n<\/figure>\n\n\n\n<p style=\"font-size:18px\"><\/p>\n\n\n\n<p class=\"has-blue-color has-light-gray-background-color has-text-color has-background has-link-color wp-elements-d7b97dd66a46af025f0894364b958205\" style=\"font-size:20px\"><strong> <\/strong>Der Leiter der <strong>Schach-AG <\/strong>Wladimir Ditz f\u00fchrte zum Jahreswechsel ein Schach-Turnier durch.<\/p>\n\n\n\n<figure class=\"wp-block-gallery has-nested-images columns-default is-cropped wp-block-gallery-3 is-layout-flex wp-block-gallery-is-layout-flex\">\n<figure class=\"wp-block-image size-large\"><a href=\"https:\/\/oberschuletwist.de\/wp-content\/uploads\/2025\/01\/IMG_1495-scaled.jpg\"><img loading=\"lazy\" decoding=\"async\" width=\"768\" height=\"1024\" data-id=\"60235\" src=\"https:\/\/oberschuletwist.de\/wp-content\/uploads\/2025\/01\/IMG_1495-768x1024.jpg\" alt=\"\" class=\"wp-image-60235\" srcset=\"https:\/\/oberschuletwist.de\/wp-content\/uploads\/2025\/01\/IMG_1495-768x1024.jpg 768w, https:\/\/oberschuletwist.de\/wp-content\/uploads\/2025\/01\/IMG_1495-225x300.jpg 225w, https:\/\/oberschuletwist.de\/wp-content\/uploads\/2025\/01\/IMG_1495-1152x1536.jpg 1152w, https:\/\/oberschuletwist.de\/wp-content\/uploads\/2025\/01\/IMG_1495-1536x2048.jpg 1536w, https:\/\/oberschuletwist.de\/wp-content\/uploads\/2025\/01\/IMG_1495-scaled.jpg 1920w\" sizes=\"auto, (max-width: 768px) 100vw, 768px\" \/><\/a><\/figure>\n\n\n\n<figure class=\"wp-block-image size-large\"><a href=\"https:\/\/oberschuletwist.de\/wp-content\/uploads\/2025\/01\/IMG_1488-1-scaled.jpg\"><img loading=\"lazy\" decoding=\"async\" width=\"768\" height=\"1024\" data-id=\"60243\" src=\"https:\/\/oberschuletwist.de\/wp-content\/uploads\/2025\/01\/IMG_1488-1-768x1024.jpg\" alt=\"\" class=\"wp-image-60243\" srcset=\"https:\/\/oberschuletwist.de\/wp-content\/uploads\/2025\/01\/IMG_1488-1-768x1024.jpg 768w, https:\/\/oberschuletwist.de\/wp-content\/uploads\/2025\/01\/IMG_1488-1-225x300.jpg 225w, https:\/\/oberschuletwist.de\/wp-content\/uploads\/2025\/01\/IMG_1488-1-1152x1536.jpg 1152w, https:\/\/oberschuletwist.de\/wp-content\/uploads\/2025\/01\/IMG_1488-1-1536x2048.jpg 1536w, https:\/\/oberschuletwist.de\/wp-content\/uploads\/2025\/01\/IMG_1488-1-scaled.jpg 1920w\" sizes=\"auto, (max-width: 768px) 100vw, 768px\" \/><\/a><\/figure>\n<\/figure>\n\n\n\n<p> .<\/p>\n","protected":false},"excerpt":{"rendered":"<p>Letzte Meldung: Das klingt nach einer tollen Leistung! Herzlichen Gl\u00fcckwunsch an die Schach-AG und an Wladimir und Felix! Platz 11 bei einer Bezirksmeisterschaft ist auf jeden Fall ein Erfolg, besonders wenn man bedenkt, wie viele starke Spieler da mitmachen. . &hellip; <a href=\"https:\/\/oberschuletwist.de\/?page_id=52399\">Weiterlesen <span class=\"meta-nav\">&rarr;<\/span><\/a><\/p>\n","protected":false},"author":2,"featured_media":0,"parent":0,"menu_order":0,"comment_status":"closed","ping_status":"closed","template":"","meta":{"footnotes":""},"class_list":["post-52399","page","type-page","status-publish","hentry"],"_links":{"self":[{"href":"https:\/\/oberschuletwist.de\/index.php?rest_route=\/wp\/v2\/pages\/52399","targetHints":{"allow":["GET"]}}],"collection":[{"href":"https:\/\/oberschuletwist.de\/index.php?rest_route=\/wp\/v2\/pages"}],"about":[{"href":"https:\/\/oberschuletwist.de\/index.php?rest_route=\/wp\/v2\/types\/page"}],"author":[{"embeddable":true,"href":"https:\/\/oberschuletwist.de\/index.php?rest_route=\/wp\/v2\/users\/2"}],"replies":[{"embeddable":true,"href":"https:\/\/oberschuletwist.de\/index.php?rest_route=%2Fwp%2Fv2%2Fcomments&post=52399"}],"version-history":[{"count":32,"href":"https:\/\/oberschuletwist.de\/index.php?rest_route=\/wp\/v2\/pages\/52399\/revisions"}],"predecessor-version":[{"id":61320,"href":"https:\/\/oberschuletwist.de\/index.php?rest_route=\/wp\/v2\/pages\/52399\/revisions\/61320"}],"wp:attachment":[{"href":"https:\/\/oberschuletwist.de\/index.php?rest_route=%2Fwp%2Fv2%2Fmedia&parent=52399"}],"curies":[{"name":"wp","href":"https:\/\/api.w.org\/{rel}","templated":true}]}}