{"id":52207,"date":"2023-02-08T11:36:41","date_gmt":"2023-02-08T10:36:41","guid":{"rendered":"http:\/\/oberschule.schulverbund-twist.de\/?page_id=52207"},"modified":"2025-12-23T11:54:27","modified_gmt":"2025-12-23T10:54:27","slug":"foerderverein","status":"publish","type":"page","link":"https:\/\/oberschuletwist.de\/?page_id=52207","title":{"rendered":"F\u00f6rderverein"},"content":{"rendered":"\n<p class=\"has-text-align-left\" style=\"font-size:16px\"><strong>&nbsp;         <br>        <\/strong><\/p>\n\n\n\n<p style=\"font-size:16px\"><strong>   <strong>1. Vorsitzende ist Daniela Vedder<\/strong><\/strong><br>  <strong> 2. Vorsitzende ist Monika Blok-Baron<\/strong><br><strong><br>            Kassenwartin ist Heike Pollmann&nbsp;&nbsp;&nbsp;&nbsp;&nbsp;&nbsp;<br>             Schriftf\u00fchrerin ist Carmen Franken<br>             Beisitzerin ist Jessica Gebben&nbsp;&nbsp;&nbsp;&nbsp;&nbsp;&nbsp;&nbsp;&nbsp;<br><\/strong><\/p>\n\n\n\n<p><strong>Kontakt: <a href=\"mailto:foerderverein-twist@web.de\">foerderverein-twist@web.de<\/a><\/strong><\/p>\n\n\n\n<p><\/p>\n\n\n\n<p>Eine Mitgliedschaft im F\u00f6rderverein kostet nur 1,00 \u20ac im Monat. Es werden einmal pro Jahr 12 \u20ac abgebucht. Mit diesem Geld unterst\u00fctzen wir Projekte der Schule.&nbsp;&nbsp;&nbsp;&nbsp;<br><a href=\"http:\/\/www.schulverbund-twist.de\/homepage\/schulgremien\/foerderverein\/beitritt.pdf\">Eine Beitrittserkl\u00e4rung finden Sie hier<\/a><\/p>\n\n\n\n<p><strong>Die neue Bankverbindung<\/strong>: <br>IBAN: DE20 2666 1494 3610 1770 00<br> BIC: GENODEF1MEP<br> Emsl\u00e4ndische Volksbank<\/p>\n\n\n\n<p class=\"has-blue-color has-text-color has-link-color wp-elements-1bb3c4f52e3a5349b519787b68a3b5bc\"><strong>Anschaffungen  2021<\/strong><br><br>2 Mikroskope <br> 3 N\u00e4hmaschinen<br> Entspannungsliegen mit Blick zum See<\/p>\n\n\n\n<p class=\"has-blue-color has-text-color has-link-color wp-elements-e0ddc341df97d8c2d1e0c43032dc07b9\">&nbsp; &nbsp;&nbsp;Betonringe als Zeichen des Abschiedes f\u00fcr Abschlussklassen<br>&nbsp;&nbsp;&nbsp; Rasenm\u00e4her, Gartenwerkzeug f\u00fcr Garten &#8211; AG<br> 20 C02 Ampeln f\u00fcr die Klassenr\u00e4ume<\/p>\n\n\n\n<p class=\"has-blue-color has-text-color has-link-color wp-elements-df334062fb45a4544f6928634aa9343e\">&nbsp;&nbsp;&nbsp; Magnet -Tafel Schulstra\u00dfe<\/p>\n\n\n\n<p class=\"has-blue-color has-text-color has-link-color wp-elements-f30eb3e202d033d007007ef39d83cd0a\"><strong>Anschaffungen  2022<\/strong><\/p>\n\n\n\n<p class=\"has-blue-color has-text-color has-link-color wp-elements-96937b5abd04cca2047244f8ddb70dd4\">&nbsp;&nbsp;&nbsp;&nbsp; Schnitzeltag in der Schule f\u00fcr alle Sch\u00fcler<br> <br>     Umfrage in der Schule &#8211; Was soll angeschafft \/ ge\u00e4ndert werden<br>&nbsp;&nbsp;&nbsp;&nbsp; Finanzielle Unterst\u00fctzung f\u00fcr englische Theater &#8211; f\u00fcr alle Klassen<br>&nbsp;&nbsp;&nbsp;&nbsp; Fu\u00dfb\u00e4lle und Basketb\u00e4lle f\u00fcr jede Klasse je 1 Ball<\/p>\n\n\n\n<p class=\"has-blue-color has-text-color has-link-color wp-elements-db8931ac3d4d63c7a02bf6a755ea2744\">&nbsp;&nbsp;&nbsp;&nbsp; Kartendrucker f\u00fcr die Sch\u00fclerausweise<br> <\/p>\n\n\n\n<p class=\"has-blue-color has-text-color has-link-color wp-elements-f2d678280cde1e285a6cdaad49e4e57f\"><strong>Anschaffungen  2023<\/strong><\/p>\n\n\n\n<p class=\"has-blue-color has-text-color has-link-color wp-elements-2d2b64a6dcf0c0daaa6a834979e48366\">Unterst\u00fctzung Digitalisierung durch IPad<\/p>\n\n\n\n<p class=\"has-blue-color has-text-color has-link-color wp-elements-a88983639a479e2a53dd1b959ab28063\">jedes Jahr finanzielle Unterst\u00fctzung Schulplaner f\u00fcr alle Sch\u00fcler * innen<br>Schlagzeug f\u00fcr Musikunterricht bzw. Schulband<\/p>\n\n\n\n<p class=\"has-blue-color has-text-color has-link-color wp-elements-b094271cf7b90c37b9df05bb8ad8ade4\">Verst\u00e4rker u. Bass f\u00fcr E &#8211; Gitarre<\/p>\n\n\n\n<p class=\"has-blue-color has-text-color has-link-color wp-elements-19132ece2944c522b039ab8f601695ca\"><strong>Welche Anschaffungen wir bereits unterst\u00fctzen:<\/strong><\/p>\n\n\n\n<p class=\"has-blue-color has-text-color has-link-color wp-elements-09e26346dbb2d3761561aa8dfb975b06\">2 neue Mikroskope f\u00fcr den Biologieunterricht &#8211; um kleinere Gruppen bilden zu k\u00f6nnen<br>F\u00fcr den Kochunterricht: Pfannen, neuer K\u00fchlschrank, Kr\u00e4uterscheren<\/p>\n\n\n\n<p class=\"has-blue-color has-text-color has-link-color wp-elements-64c613353d9794697444a1ede6c2153b\">neue N\u00e4hmaschinen f\u00fcr den Textilunterricht<br>Je 1 Fu\u00dfball und 1 Basketball f\u00fcr jede Klasse &#8211; Umfrage der Sch\u00fcler *innen<br>Kartendrucker f\u00fcr Sch\u00fclerausweise zur Kostenreduzierung<\/p>\n\n\n\n<p class=\"has-blue-color has-text-color has-link-color wp-elements-b9e6c32b4ccc54bb0ebc87b1a0797ebf\">E &#8211; Roller f\u00fcr die Mofa &#8211; AG<\/p>\n\n\n\n<p class=\"has-blue-color has-text-color has-link-color wp-elements-21020c7150ae670ce2b70ee3f4acb534\"><strong>Welche Anschaffungen noch anstehen:<\/strong><\/p>\n\n\n\n<p class=\"has-blue-color has-text-color has-link-color wp-elements-0da4818a70b216283778b606c1730892\">Wir wollen weitere Sitzm\u00f6glichkeiten f\u00fcr den Schulhof schaffen<br>Wir wollen einen Klassensatz Keyboards anschaffen f\u00fcr den Musikunterricht<br>Wir wollen Ideen der Sch\u00fcler bzw. des Schulhofes umsetzen, um den Schulhof attraktiverer<br>zu gestalten<\/p>\n\n\n\n<p class=\"has-blue-color has-text-color has-link-color wp-elements-d107e518a9fe853ab9a31c7f6e7a493d\">Und viele Projekte mehr, die in Zukunft noch anstehen.<\/p>\n\n\n\n<div class=\"wp-block-media-text alignwide is-stacked-on-mobile\"><figure class=\"wp-block-media-text__media\"><img loading=\"lazy\" decoding=\"async\" width=\"360\" height=\"480\" src=\"https:\/\/oberschuletwist.de\/wp-content\/uploads\/2023\/02\/haus-3.jpg\" alt=\"\" class=\"wp-image-52674 size-full\" srcset=\"https:\/\/oberschuletwist.de\/wp-content\/uploads\/2023\/02\/haus-3.jpg 360w, https:\/\/oberschuletwist.de\/wp-content\/uploads\/2023\/02\/haus-3-225x300.jpg 225w\" sizes=\"auto, (max-width: 360px) 100vw, 360px\" \/><\/figure><div class=\"wp-block-media-text__content\">\n<p>Die Schulk\u00fcche der OBS-Twist hat im letzten Schuljahr viele Zuwendungen durch den F\u00f6rderverein erhalten und daf\u00fcr bedanken sich alle Beteiligten des Hauswirtschaftsbereiches! Eine v\u00f6llig \u00fcberalterte und Storm fressende K\u00fchlschrank &#8211; Gefrierkombination wurde durch ein energiearmes Ger\u00e4t ersetzt und ohne b\u00fcrokratische Antr\u00e4ge vermessen, bestellt und geliefert. Frau und Herr Brand sorgten f\u00fcr den reibungslosen Ablauf, sehr toll!!! Ebenfalls erhielten wir auf Wunsch 8 blitzneue Pfannen und 4 Kr\u00e4uterscheren. Die 4 Kr\u00e4uterscheren passen so wunderbar in unsere Schulk\u00fcche, insbesondere in Bezug von &#8222;Gesund leben lernen&#8220;: Kr\u00e4uter und Vitamine! So macht das &#8222;Schnibbeln&#8220; f\u00fcr unsere Kinder richtig Spa\u00df!! &nbsp; Vielen Dank an EUCH F\u00d6RDERERN!!!&nbsp;&nbsp;&nbsp;<\/p>\n<\/div><\/div>\n\n\n\n<p class=\"has-text-align-center\">***********************************************<br><br>Die Pause f\u00fcr die Sch\u00fcler und dem Schulhof als solches wurde von dem F\u00f6rderverein der Schule genutzt, um den in die Jahre gekommenen Schulhof und den Sportplatz im Zentrum wieder auf Vordermann zu bringen. Grade der Sportplatz bedurft e einer Grundreinigung, da dieser keinem Verein angeh\u00f6rt und somit unregelm\u00e4\u00dfig gepfl egt wird. Das f\u00fchrt zu dem Problem, dass sich in der Vergangenheit keiner Zust\u00e4ndig gef\u00fchlt und die Verantwortung von sich geschoben wurde. Mit dem F\u00f6rderverein hat sich eine Gruppe gefunden, die zumindest den Start f\u00fcr weitere Akti onen rund um den Sportplatz gemacht hat. Immerhin soll er auch f\u00fcr die Sch\u00fclerinnen und Sch\u00fcler wieder f\u00fcr etwaige Sportakti vit\u00e4ten nutzbar sein, was momentan aus besti mmten Gr\u00fcnden noch schwierig ist. Neben dem Sportplatz lag, wie Eingangs erw\u00e4hnt, der Schulhof im Fokus der Akti vit\u00e4ten. Durch schweres Ger\u00e4t konnten Sandfl \u00e4chen von Unrat befreit und f\u00fcrs verweilen hergerichtet werden. Zudem wurde eine neue Holzbank platziert, auf denen die Sch\u00fcler in den Pausen zu Neudeutsch \u201echillen\u201c k\u00f6nnen.Weitere Arbeitseins\u00e4tze sind geplant und der F\u00f6rderverein freut sich \u00fcber jede freiwillige Hand, die den Schulhof wieder f\u00fcr unsere Kinder sch\u00f6ner und auch sicherer&nbsp; machen.<\/p>\n\n\n\n<figure class=\"wp-block-table\"><table><tbody><tr><td>&nbsp;&nbsp;&nbsp;&nbsp;&nbsp;&nbsp;&nbsp;&nbsp;&nbsp;&nbsp;&nbsp;&nbsp;&nbsp;&nbsp;&nbsp;&nbsp;&nbsp;&nbsp;&nbsp;&nbsp;&nbsp;&nbsp;&nbsp; <\/td><td><\/td><\/tr><\/tbody><\/table><\/figure>\n\n\n\n<div class=\"wp-block-media-text alignwide is-stacked-on-mobile\"><figure class=\"wp-block-media-text__media\"><img loading=\"lazy\" decoding=\"async\" width=\"360\" height=\"480\" src=\"https:\/\/oberschuletwist.de\/wp-content\/uploads\/2023\/02\/foe-181-1.jpg\" alt=\"\" class=\"wp-image-52675 size-full\" srcset=\"https:\/\/oberschuletwist.de\/wp-content\/uploads\/2023\/02\/foe-181-1.jpg 360w, https:\/\/oberschuletwist.de\/wp-content\/uploads\/2023\/02\/foe-181-1-225x300.jpg 225w\" sizes=\"auto, (max-width: 360px) 100vw, 360px\" \/><\/figure><div class=\"wp-block-media-text__content\">\n<p><strong>&nbsp; Neben dem englischen Theaterst\u00fcck konnten<br>&nbsp;&nbsp; wir mit Hilfe des F\u00f6rdervereins in diesem Schuljahr die<br>&nbsp;&nbsp; B\u00e4nke auf dem Schulhof renovieren!<\/strong><\/p>\n<\/div><\/div>\n","protected":false},"excerpt":{"rendered":"<p>&nbsp; 1. Vorsitzende ist Daniela Vedder 2. Vorsitzende ist Monika Blok-Baron Kassenwartin ist Heike Pollmann&nbsp;&nbsp;&nbsp;&nbsp;&nbsp;&nbsp; Schriftf\u00fchrerin ist Carmen Franken Beisitzerin ist Jessica Gebben&nbsp;&nbsp;&nbsp;&nbsp;&nbsp;&nbsp;&nbsp;&nbsp; Kontakt: foerderverein-twist@web.de Eine Mitgliedschaft im F\u00f6rderverein kostet nur 1,00 \u20ac im Monat. Es werden einmal pro Jahr &hellip; <a href=\"https:\/\/oberschuletwist.de\/?page_id=52207\">Weiterlesen <span class=\"meta-nav\">&rarr;<\/span><\/a><\/p>\n","protected":false},"author":2,"featured_media":0,"parent":0,"menu_order":0,"comment_status":"closed","ping_status":"closed","template":"","meta":{"footnotes":""},"class_list":["post-52207","page","type-page","status-publish","hentry"],"_links":{"self":[{"href":"https:\/\/oberschuletwist.de\/index.php?rest_route=\/wp\/v2\/pages\/52207","targetHints":{"allow":["GET"]}}],"collection":[{"href":"https:\/\/oberschuletwist.de\/index.php?rest_route=\/wp\/v2\/pages"}],"about":[{"href":"https:\/\/oberschuletwist.de\/index.php?rest_route=\/wp\/v2\/types\/page"}],"author":[{"embeddable":true,"href":"https:\/\/oberschuletwist.de\/index.php?rest_route=\/wp\/v2\/users\/2"}],"replies":[{"embeddable":true,"href":"https:\/\/oberschuletwist.de\/index.php?rest_route=%2Fwp%2Fv2%2Fcomments&post=52207"}],"version-history":[{"count":34,"href":"https:\/\/oberschuletwist.de\/index.php?rest_route=\/wp\/v2\/pages\/52207\/revisions"}],"predecessor-version":[{"id":61262,"href":"https:\/\/oberschuletwist.de\/index.php?rest_route=\/wp\/v2\/pages\/52207\/revisions\/61262"}],"wp:attachment":[{"href":"https:\/\/oberschuletwist.de\/index.php?rest_route=%2Fwp%2Fv2%2Fmedia&parent=52207"}],"curies":[{"name":"wp","href":"https:\/\/api.w.org\/{rel}","templated":true}]}}